{"id":2705,"date":"2025-01-15T15:22:22","date_gmt":"2025-01-15T15:22:22","guid":{"rendered":"https:\/\/madavertehelyoa.com\/?page_id=2705"},"modified":"2025-01-15T15:22:22","modified_gmt":"2025-01-15T15:22:22","slug":"mentions-legales","status":"publish","type":"page","link":"https:\/\/madavertehelyoa.com\/en\/mentions-legales\/","title":{"rendered":"Legal information"},"content":{"rendered":"<p><strong>Legal information<\/strong><\/p>\n\n\n\n<p>madavertehelyoa.com is published by the individual company VIE-NATURE MADAVERTE.<\/p>\n\n\n\n<p><strong>LIFE-NATURE MADAVERTE<\/strong><\/p>\n\n\n\n<p>EVRY-COURCOURONNES<br>Tel.: 06.66.93.15.36<br>E-mail: vn.madavertehelyoa@gmail.com<br><br>Publication Director:<br>Marie Madeleine<br><br><\/p>\n\n\n\n<p><strong>WEBMASTER<\/strong><\/p>\n\n\n\n<p>This site is hosted by :<\/p>\n\n\n\n<p><strong>Hostinger<\/strong><\/p>\n\n\n\n<p>HOSTINGER operations, UAB<\/p>\n\n\n\n<p>\u0160vitrigailos str. 34, Vilnius 03230 Lithuania<br><br><\/p>\n\n\n\n<p><strong>CONFIDENTIALITY AND DATA PROTECTION<\/strong><\/p>\n\n\n\n<p>In accordance with the French Data Protection Act of 06 January 1978, you may modify or delete your registration details at any time. This information is confidential,&nbsp;<a>LIFE-NATURE MADAVERTE <\/a>is committed to protecting them.<\/p>\n\n\n\n<p>You have the right to access, modify, rectify and delete data concerning you (art. 34 of the French Data Protection Act). You can exercise this right directly on the sites concerned or by contacting us:<\/p>\n\n\n\n<p><strong>LIFE-NATURE MADAVERTE<br><\/strong>EVRY-COURCOURONNESs<br>Tel.: 06.66.93.15.36<br>E-mail: vn.madavertehelyoa@gmail.com<\/p>","protected":false},"excerpt":{"rendered":"<p>Mentions l\u00e9gales madavertehelyoa.com est \u00e9dit\u00e9 par la soci\u00e9t\u00e9 individuelle VIE-NATURE MADAVERTE. VIE-NATURE MADAVERTE EVRY-COURCOURONNEST\u00e9l. : 06.66.93.15.36E-mail : vn.madavertehelyoa@gmail.com Directeur de la Publication :Marie Madeleine HEBERGEUR Ce site est h\u00e9berg\u00e9 par : Hostinger HOSTINGER operations, UAB \u0160vitrigailos str. 34, Vilnius 03230 Lithuania CONFIDENTIALITE ET PROTECTION DES DONNEES Conform\u00e9ment \u00e0 la loi informatique et libert\u00e9s du 06 [&hellip;]<\/p>\n","protected":false},"author":1,"featured_media":0,"parent":0,"menu_order":0,"comment_status":"closed","ping_status":"closed","template":"","meta":{"_uag_custom_page_level_css":"","site-sidebar-layout":"default","site-content-layout":"","ast-site-content-layout":"default","site-content-style":"default","site-sidebar-style":"default","ast-global-header-display":"","ast-banner-title-visibility":"","ast-main-header-display":"","ast-hfb-above-header-display":"","ast-hfb-below-header-display":"","ast-hfb-mobile-header-display":"","site-post-title":"","ast-breadcrumbs-content":"","ast-featured-img":"","footer-sml-layout":"","ast-disable-related-posts":"","theme-transparent-header-meta":"","adv-header-id-meta":"","stick-header-meta":"","header-above-stick-meta":"","header-main-stick-meta":"","header-below-stick-meta":"","astra-migrate-meta-layouts":"set","ast-page-background-enabled":"default","ast-page-background-meta":{"desktop":{"background-color":"var(--ast-global-color-4)","background-image":"","background-repeat":"repeat","background-position":"center center","background-size":"auto","background-attachment":"scroll","background-type":"","background-media":"","overlay-type":"","overlay-color":"","overlay-opacity":"","overlay-gradient":""},"tablet":{"background-color":"","background-image":"","background-repeat":"repeat","background-position":"center center","background-size":"auto","background-attachment":"scroll","background-type":"","background-media":"","overlay-type":"","overlay-color":"","overlay-opacity":"","overlay-gradient":""},"mobile":{"background-color":"","background-image":"","background-repeat":"repeat","background-position":"center center","background-size":"auto","background-attachment":"scroll","background-type":"","background-media":"","overlay-type":"","overlay-color":"","overlay-opacity":"","overlay-gradient":""}},"ast-content-background-meta":{"desktop":{"background-color":"var(--ast-global-color-5)","background-image":"","background-repeat":"repeat","background-position":"center center","background-size":"auto","background-attachment":"scroll","background-type":"","background-media":"","overlay-type":"","overlay-color":"","overlay-opacity":"","overlay-gradient":""},"tablet":{"background-color":"var(--ast-global-color-5)","background-image":"","background-repeat":"repeat","background-position":"center center","background-size":"auto","background-attachment":"scroll","background-type":"","background-media":"","overlay-type":"","overlay-color":"","overlay-opacity":"","overlay-gradient":""},"mobile":{"background-color":"var(--ast-global-color-5)","background-image":"","background-repeat":"repeat","background-position":"center center","background-size":"auto","background-attachment":"scroll","background-type":"","background-media":"","overlay-type":"","overlay-color":"","overlay-opacity":"","overlay-gradient":""}},"footnotes":""},"class_list":["post-2705","page","type-page","status-publish","hentry"],"uagb_featured_image_src":{"full":false,"thumbnail":false,"medium":false,"medium_large":false,"large":false,"1536x1536":false,"2048x2048":false,"trp-custom-language-flag":false,"woocommerce_thumbnail":false,"woocommerce_single":false,"woocommerce_gallery_thumbnail":false},"uagb_author_info":{"display_name":"agence.cityweb@gmail.com","author_link":"https:\/\/madavertehelyoa.com\/en\/author\/agence-citywebgmail-com\/"},"uagb_comment_info":0,"uagb_excerpt":"Mentions l\u00e9gales madavertehelyoa.com est \u00e9dit\u00e9 par la soci\u00e9t\u00e9 individuelle VIE-NATURE MADAVERTE. VIE-NATURE MADAVERTE EVRY-COURCOURONNEST\u00e9l. : 06.66.93.15.36E-mail : vn.madavertehelyoa@gmail.com Directeur de la Publication :Marie Madeleine HEBERGEUR Ce site est h\u00e9berg\u00e9 par : Hostinger HOSTINGER operations, UAB \u0160vitrigailos str. 34, Vilnius 03230 Lithuania CONFIDENTIALITE ET PROTECTION DES DONNEES Conform\u00e9ment \u00e0 la loi informatique et libert\u00e9s du 06&hellip;","_links":{"self":[{"href":"https:\/\/madavertehelyoa.com\/en\/wp-json\/wp\/v2\/pages\/2705","targetHints":{"allow":["GET"]}}],"collection":[{"href":"https:\/\/madavertehelyoa.com\/en\/wp-json\/wp\/v2\/pages"}],"about":[{"href":"https:\/\/madavertehelyoa.com\/en\/wp-json\/wp\/v2\/types\/page"}],"author":[{"embeddable":true,"href":"https:\/\/madavertehelyoa.com\/en\/wp-json\/wp\/v2\/users\/1"}],"replies":[{"embeddable":true,"href":"https:\/\/madavertehelyoa.com\/en\/wp-json\/wp\/v2\/comments?post=2705"}],"version-history":[{"count":1,"href":"https:\/\/madavertehelyoa.com\/en\/wp-json\/wp\/v2\/pages\/2705\/revisions"}],"predecessor-version":[{"id":2713,"href":"https:\/\/madavertehelyoa.com\/en\/wp-json\/wp\/v2\/pages\/2705\/revisions\/2713"}],"wp:attachment":[{"href":"https:\/\/madavertehelyoa.com\/en\/wp-json\/wp\/v2\/media?parent=2705"}],"curies":[{"name":"wp","href":"https:\/\/api.w.org\/{rel}","templated":true}]}}