{"id":3,"date":"2024-11-07T10:35:48","date_gmt":"2024-11-07T10:35:48","guid":{"rendered":"http:\/\/madavertehelyoa.com\/?page_id=3"},"modified":"2025-01-15T15:25:51","modified_gmt":"2025-01-15T15:25:51","slug":"politique-de-confidentialite","status":"publish","type":"page","link":"https:\/\/madavertehelyoa.com\/en\/politique-de-confidentialite\/","title":{"rendered":"Privacy policy"},"content":{"rendered":"<p>madavertehelyoa.com, a service offered by the individual company VIE-NATURE MADAVERTE. At VIE-NATURE MADAVERTE, we are committed to protecting and respecting your privacy. This Privacy Policy explains how we collect, use and protect the personal information you provide to us when you visit our madavertehelyoa.com website.<\/p>\n\n\n\n<p><strong>1. Information we collect<\/strong><\/p>\n\n\n\n<p><strong>When you visit our site, we may collect the following types of information:<\/strong><\/p>\n\n\n\n<p><strong>1.1 Personal information : <\/strong>We collect information such as your name, e-mail address, telephone number, and any other information you choose to provide us when you use our contact forms to request information, services via a contact request or product purchase on the site.<\/p>\n\n\n\n<p><strong>1.2 Navigation information : <\/strong>We automatically collect information about how you use our website, including the pages you visit, the links you click, your IP address, the date and time of your visit, and other similar navigational information.<\/p>\n\n\n\n<p><strong>2. How we use your information<\/strong><\/p>\n\n\n\n<p><strong>We use the information we collect for the following purposes:<\/strong><\/p>\n\n\n\n<p><strong>2.1. Provision of services : <\/strong>We use your personal information to respond to your requests, provide you with information about our services and other related services.<\/p>\n\n\n\n<p><strong>2.2. Improving our site : <\/strong>We use browsing information to understand how visitors use our site and to improve its content and user-friendliness.<\/p>\n\n\n\n<p><strong>3. Sharing information<\/strong><\/p>\n\n\n\n<p><strong>We do not sell, rent or share your personal information with third parties, except in the following cases:<\/strong><strong><\/strong><\/p>\n\n\n\n<p><strong>3.1. Service providers : <\/strong>We may share your personal information with third party service providers who help us develop our services.<\/p>\n\n\n\n<p><strong>3.2 Legal compliance : <\/strong>We may disclose your personal information if required to do so by law or if we believe in good faith that it is necessary to comply with legal process, protect our rights or respond to a request from public authorities.<strong><\/strong><\/p>\n\n\n\n<p><strong>4 - How long will your personal data be kept?&nbsp;<\/strong><\/p>\n\n\n\n<p>We only keep your Personal Data for as long as is necessary to achieve the intended purpose, and to meet our various legal and regulatory obligations.<\/p>\n\n\n\n<ul class=\"wp-block-list\">\n<li>10 years after an order or invoice is issued<\/li>\n\n\n\n<li>3 years after a quotation is issued<\/li>\n\n\n\n<li>3 years after request for appointment<\/li>\n\n\n\n<li>3 years after sending a contact form.<\/li>\n<\/ul>\n\n\n\n<p><strong>5. Your rights<\/strong><\/p>\n\n\n\n<p>You have certain rights in relation to your personal information, including the right to request access, rectification, deletion or portability of your data. To exercise these rights or if you have any questions about our use of your information, please contact us at: vn.madavertehelyoa@gmail.com<\/p>\n\n\n\n<p><strong>6. Security<\/strong><\/p>\n\n\n\n<p>We take steps to protect your personal information against loss, unauthorised access, disclosure, alteration or destruction. However, no method of transmission over the Internet or method of electronic storage is completely secure, and we cannot guarantee the absolute security of your data.<\/p>\n\n\n\n<p><strong>6. Changes to the Privacy Policy<\/strong><\/p>\n\n\n\n<p>We may update this Privacy Policy from time to time to reflect changes in our privacy practices. We encourage you to periodically review this Policy to stay informed about how we are protecting your information.<\/p>\n\n\n\n<p><strong>7. Contact<\/strong><\/p>\n\n\n\n<p>If you have any questions about this Privacy Policy or our use of your personal information, please contact us at: vn.madavertehelyoa@gmail.com<\/p>","protected":false},"excerpt":{"rendered":"<p>madavertehelyoa.com, un service propos\u00e9 par la soci\u00e9t\u00e9 individuelle VIE-NATURE MADAVERTE. Chez VIE-NATURE MADAVERTE, nous nous engageons \u00e0 prot\u00e9ger et \u00e0 respecter votre vie priv\u00e9e. Cette Politique de Confidentialit\u00e9 explique comment nous collectons, utilisons et prot\u00e9geons les informations personnelles que vous nous fournissez lorsque vous visitez notre site Internet madavertehelyoa.com 1. Informations que nous collectons Lorsque [&hellip;]<\/p>\n","protected":false},"author":1,"featured_media":0,"parent":0,"menu_order":0,"comment_status":"closed","ping_status":"closed","template":"","meta":{"_uag_custom_page_level_css":"","site-sidebar-layout":"default","site-content-layout":"","ast-site-content-layout":"default","site-content-style":"default","site-sidebar-style":"default","ast-global-header-display":"","ast-banner-title-visibility":"","ast-main-header-display":"","ast-hfb-above-header-display":"","ast-hfb-below-header-display":"","ast-hfb-mobile-header-display":"","site-post-title":"","ast-breadcrumbs-content":"","ast-featured-img":"","footer-sml-layout":"","ast-disable-related-posts":"","theme-transparent-header-meta":"","adv-header-id-meta":"","stick-header-meta":"","header-above-stick-meta":"","header-main-stick-meta":"","header-below-stick-meta":"","astra-migrate-meta-layouts":"set","ast-page-background-enabled":"default","ast-page-background-meta":{"desktop":{"background-color":"var(--ast-global-color-4)","background-image":"","background-repeat":"repeat","background-position":"center center","background-size":"auto","background-attachment":"scroll","background-type":"","background-media":"","overlay-type":"","overlay-color":"","overlay-opacity":"","overlay-gradient":""},"tablet":{"background-color":"","background-image":"","background-repeat":"repeat","background-position":"center center","background-size":"auto","background-attachment":"scroll","background-type":"","background-media":"","overlay-type":"","overlay-color":"","overlay-opacity":"","overlay-gradient":""},"mobile":{"background-color":"","background-image":"","background-repeat":"repeat","background-position":"center center","background-size":"auto","background-attachment":"scroll","background-type":"","background-media":"","overlay-type":"","overlay-color":"","overlay-opacity":"","overlay-gradient":""}},"ast-content-background-meta":{"desktop":{"background-color":"var(--ast-global-color-5)","background-image":"","background-repeat":"repeat","background-position":"center center","background-size":"auto","background-attachment":"scroll","background-type":"","background-media":"","overlay-type":"","overlay-color":"","overlay-opacity":"","overlay-gradient":""},"tablet":{"background-color":"var(--ast-global-color-5)","background-image":"","background-repeat":"repeat","background-position":"center center","background-size":"auto","background-attachment":"scroll","background-type":"","background-media":"","overlay-type":"","overlay-color":"","overlay-opacity":"","overlay-gradient":""},"mobile":{"background-color":"var(--ast-global-color-5)","background-image":"","background-repeat":"repeat","background-position":"center center","background-size":"auto","background-attachment":"scroll","background-type":"","background-media":"","overlay-type":"","overlay-color":"","overlay-opacity":"","overlay-gradient":""}},"footnotes":""},"class_list":["post-3","page","type-page","status-publish","hentry"],"uagb_featured_image_src":{"full":false,"thumbnail":false,"medium":false,"medium_large":false,"large":false,"1536x1536":false,"2048x2048":false,"trp-custom-language-flag":false,"woocommerce_thumbnail":false,"woocommerce_single":false,"woocommerce_gallery_thumbnail":false},"uagb_author_info":{"display_name":"agence.cityweb@gmail.com","author_link":"https:\/\/madavertehelyoa.com\/en\/author\/agence-citywebgmail-com\/"},"uagb_comment_info":0,"uagb_excerpt":"madavertehelyoa.com, un service propos\u00e9 par la soci\u00e9t\u00e9 individuelle VIE-NATURE MADAVERTE. Chez VIE-NATURE MADAVERTE, nous nous engageons \u00e0 prot\u00e9ger et \u00e0 respecter votre vie priv\u00e9e. Cette Politique de Confidentialit\u00e9 explique comment nous collectons, utilisons et prot\u00e9geons les informations personnelles que vous nous fournissez lorsque vous visitez notre site Internet madavertehelyoa.com 1. Informations que nous collectons Lorsque&hellip;","_links":{"self":[{"href":"https:\/\/madavertehelyoa.com\/en\/wp-json\/wp\/v2\/pages\/3","targetHints":{"allow":["GET"]}}],"collection":[{"href":"https:\/\/madavertehelyoa.com\/en\/wp-json\/wp\/v2\/pages"}],"about":[{"href":"https:\/\/madavertehelyoa.com\/en\/wp-json\/wp\/v2\/types\/page"}],"author":[{"embeddable":true,"href":"https:\/\/madavertehelyoa.com\/en\/wp-json\/wp\/v2\/users\/1"}],"replies":[{"embeddable":true,"href":"https:\/\/madavertehelyoa.com\/en\/wp-json\/wp\/v2\/comments?post=3"}],"version-history":[{"count":2,"href":"https:\/\/madavertehelyoa.com\/en\/wp-json\/wp\/v2\/pages\/3\/revisions"}],"predecessor-version":[{"id":2714,"href":"https:\/\/madavertehelyoa.com\/en\/wp-json\/wp\/v2\/pages\/3\/revisions\/2714"}],"wp:attachment":[{"href":"https:\/\/madavertehelyoa.com\/en\/wp-json\/wp\/v2\/media?parent=3"}],"curies":[{"name":"wp","href":"https:\/\/api.w.org\/{rel}","templated":true}]}}