{"id":2459,"date":"2024-11-28T15:24:14","date_gmt":"2024-11-28T15:24:14","guid":{"rendered":"https:\/\/madavertehelyoa.com\/?post_type=product&#038;p=2459"},"modified":"2025-05-18T15:35:01","modified_gmt":"2025-05-18T15:35:01","slug":"canelle-en-baton-bio-30-g-madagascar","status":"publish","type":"product","link":"https:\/\/madavertehelyoa.com\/en\/product\/canelle-en-baton-bio-30-g-madagascar\/","title":{"rendered":"2 Cinnamon sticks - organic - - Madagascar"},"content":{"rendered":"<p>Origin: Madagascar, organically grown.<\/p>\n<p>&nbsp;<\/p>\n<p><strong>BENEFITS :<\/strong><\/p>\n<ul>\n<li>Action on <strong>carbohydrate and lipid metabolism<\/strong><\/li>\n<li>Action <strong>anti-infective<\/strong> : potential support in the fight against seasonal viral infections.<\/li>\n<li>Action <strong>anti-inflammatory\u00a0<\/strong><\/li>\n<li>Action <strong>antioxidant : <\/strong>It increases the activity of antioxidant enzymes in the body, thereby helping to reduce oxidative stress.<\/li>\n<li>Action at <strong><strong>cardiovascular :<\/strong><\/strong>It contributes significantly to platelet aggregation, an essential process for blood coagulation. Cinnamaldehyde also helps to reduce blood pressure. Regular consumption of cinnamon therefore helps to regulate blood pressure and maintain a healthy cardiovascular system.<\/li>\n<li>Action at <strong>gynaecological<\/strong> Reducing the intensity of menstrual pain.<\/li>\n<li>Action at<strong> digestive : <\/strong>Cinnamon promotes better digestion and reduces gastrointestinal spasms. It can be used alone or in combination with other plants to stimulate the appetite.<\/li>\n<\/ul>\n<p>- its method of cultivation: respecting a strict ethic, respecting the product, nature and the growers.<\/p>\n<p>&nbsp;<\/p>\n<p>&nbsp;<\/p>","protected":false},"excerpt":{"rendered":"<p>Beyond its gastronomic contribution, cinnamon has a wide range of health benefits. Rich in antioxidants, its therapeutic virtues are cited in the treatment of various disorders and digestive problems.<\/p>\n<p>Consumption of cinnamon has spread around the world, not only in sweet and savoury dishes, but also as a key ingredient in wellness recipes, to take advantage of its health benefits.<\/p>","protected":false},"featured_media":2483,"template":"","meta":{"_uag_custom_page_level_css":"","site-sidebar-layout":"default","site-content-layout":"","ast-site-content-layout":"default","site-content-style":"default","site-sidebar-style":"default","ast-global-header-display":"","ast-banner-title-visibility":"","ast-main-header-display":"","ast-hfb-above-header-display":"","ast-hfb-below-header-display":"","ast-hfb-mobile-header-display":"","site-post-title":"","ast-breadcrumbs-content":"","ast-featured-img":"","footer-sml-layout":"","ast-disable-related-posts":"","theme-transparent-header-meta":"default","adv-header-id-meta":"","stick-header-meta":"","header-above-stick-meta":"","header-main-stick-meta":"","header-below-stick-meta":"","astra-migrate-meta-layouts":"set","ast-page-background-enabled":"default","ast-page-background-meta":{"desktop":{"background-color":"var(--ast-global-color-4)","background-image":"","background-repeat":"repeat","background-position":"center center","background-size":"auto","background-attachment":"scroll","background-type":"","background-media":"","overlay-type":"","overlay-color":"","overlay-opacity":"","overlay-gradient":""},"tablet":{"background-color":"","background-image":"","background-repeat":"repeat","background-position":"center center","background-size":"auto","background-attachment":"scroll","background-type":"","background-media":"","overlay-type":"","overlay-color":"","overlay-opacity":"","overlay-gradient":""},"mobile":{"background-color":"","background-image":"","background-repeat":"repeat","background-position":"center center","background-size":"auto","background-attachment":"scroll","background-type":"","background-media":"","overlay-type":"","overlay-color":"","overlay-opacity":"","overlay-gradient":""}},"ast-content-background-meta":{"desktop":{"background-color":"var(--ast-global-color-5)","background-image":"","background-repeat":"repeat","background-position":"center center","background-size":"auto","background-attachment":"scroll","background-type":"","background-media":"","overlay-type":"","overlay-color":"","overlay-opacity":"","overlay-gradient":""},"tablet":{"background-color":"var(--ast-global-color-5)","background-image":"","background-repeat":"repeat","background-position":"center center","background-size":"auto","background-attachment":"scroll","background-type":"","background-media":"","overlay-type":"","overlay-color":"","overlay-opacity":"","overlay-gradient":""},"mobile":{"background-color":"var(--ast-global-color-5)","background-image":"","background-repeat":"repeat","background-position":"center center","background-size":"auto","background-attachment":"scroll","background-type":"","background-media":"","overlay-type":"","overlay-color":"","overlay-opacity":"","overlay-gradient":""}}},"product_brand":[],"product_cat":[22],"product_tag":[],"class_list":{"0":"post-2459","1":"product","2":"type-product","3":"status-publish","4":"has-post-thumbnail","6":"product_cat-epices","7":"desktop-align-center","8":"tablet-align-left","9":"mobile-align-left","11":"first","12":"instock","13":"shipping-taxable","14":"purchasable","15":"product-type-simple"},"uagb_featured_image_src":{"full":["https:\/\/madavertehelyoa.com\/wp-content\/uploads\/2024\/11\/5-scaled.jpg",2560,1707,false],"thumbnail":["https:\/\/madavertehelyoa.com\/wp-content\/uploads\/2024\/11\/5-150x150.jpg",150,150,true],"medium":["https:\/\/madavertehelyoa.com\/wp-content\/uploads\/2024\/11\/5-300x200.jpg",300,200,true],"medium_large":["https:\/\/madavertehelyoa.com\/wp-content\/uploads\/2024\/11\/5-768x512.jpg",768,512,true],"large":["https:\/\/madavertehelyoa.com\/wp-content\/uploads\/2024\/11\/5-1024x683.jpg",1024,683,true],"1536x1536":["https:\/\/madavertehelyoa.com\/wp-content\/uploads\/2024\/11\/5-1536x1024.jpg",1536,1024,true],"2048x2048":["https:\/\/madavertehelyoa.com\/wp-content\/uploads\/2024\/11\/5-2048x1365.jpg",2048,1365,true],"trp-custom-language-flag":["https:\/\/madavertehelyoa.com\/wp-content\/uploads\/2024\/11\/5-scaled.jpg",18,12,false],"woocommerce_thumbnail":["https:\/\/madavertehelyoa.com\/wp-content\/uploads\/2024\/11\/5-300x300.jpg",300,300,true],"woocommerce_single":["https:\/\/madavertehelyoa.com\/wp-content\/uploads\/2024\/11\/5-600x400.jpg",600,400,true],"woocommerce_gallery_thumbnail":["https:\/\/madavertehelyoa.com\/wp-content\/uploads\/2024\/11\/5-100x100.jpg",100,100,true]},"uagb_author_info":{"display_name":"agence.cityweb@gmail.com","author_link":"https:\/\/madavertehelyoa.com\/en\/author\/"},"uagb_comment_info":0,"uagb_excerpt":"Au-del\u00e0 de sa contribution gastronomique, les bienfaits de la cannelle pour la sant\u00e9 sont multiples. Riches en antioxydants, ses vertus th\u00e9rapeutiques sont cit\u00e9es pour le traitement de divers troubles et probl\u00e8mes de digestion. La consommation de cannelle s\u2019est \u00e9tendue dans le monde entier, non seulement dans les plats sucr\u00e9s ou sal\u00e9s, mais aussi en tant&hellip;","_links":{"self":[{"href":"https:\/\/madavertehelyoa.com\/en\/wp-json\/wp\/v2\/product\/2459","targetHints":{"allow":["GET"]}}],"collection":[{"href":"https:\/\/madavertehelyoa.com\/en\/wp-json\/wp\/v2\/product"}],"about":[{"href":"https:\/\/madavertehelyoa.com\/en\/wp-json\/wp\/v2\/types\/product"}],"wp:featuredmedia":[{"embeddable":true,"href":"https:\/\/madavertehelyoa.com\/en\/wp-json\/wp\/v2\/media\/2483"}],"wp:attachment":[{"href":"https:\/\/madavertehelyoa.com\/en\/wp-json\/wp\/v2\/media?parent=2459"}],"wp:term":[{"taxonomy":"product_brand","embeddable":true,"href":"https:\/\/madavertehelyoa.com\/en\/wp-json\/wp\/v2\/product_brand?post=2459"},{"taxonomy":"product_cat","embeddable":true,"href":"https:\/\/madavertehelyoa.com\/en\/wp-json\/wp\/v2\/product_cat?post=2459"},{"taxonomy":"product_tag","embeddable":true,"href":"https:\/\/madavertehelyoa.com\/en\/wp-json\/wp\/v2\/product_tag?post=2459"}],"curies":[{"name":"wp","href":"https:\/\/api.w.org\/{rel}","templated":true}]}}