{"id":2474,"date":"2024-11-28T16:16:48","date_gmt":"2024-11-28T16:16:48","guid":{"rendered":"https:\/\/madavertehelyoa.com\/?post_type=product&#038;p=2474"},"modified":"2025-05-18T15:57:51","modified_gmt":"2025-05-18T15:57:51","slug":"huile-de-poisson-omega-3","status":"publish","type":"product","link":"https:\/\/madavertehelyoa.com\/en\/product\/huile-de-poisson-omega-3\/","title":{"rendered":"FISH OIL OMEGA 3 60 caps"},"content":{"rendered":"<ul>\n<li>Omega 3 helps maintain a healthy\u00a0<strong>normal vision<\/strong>.<\/li>\n<li>Omega 3 contributes to\u00a0<strong>healthy brain function<\/strong>.<\/li>\n<li>Omega 3 promotes\u00a0<strong>normal cardiac function<\/strong>.<\/li>\n<li>Omega 3 contributes to\u00a0<strong>normal development of the eyes and brain of the foetus and breast-fed child<\/strong>.<\/li>\n<li>Exceptional purity for your daily intake of EPA and DHA.<\/li>\n<\/ul>\n<p><strong>Contraindications<\/strong> consumption of omega 3 :<\/p>\n<ul>\n<li>Omega-3 allergies.<\/li>\n<li>Drug interactions with certain medicines.<\/li>\n<li>Pregnancy and breastfeeding.<\/li>\n<li>People with hypotension or coagulation disorders.<\/li>\n<li>Food allergies (to fish and shellfish, nuts, etc.).<\/li>\n<li>People taking anticoagulant medication or due to undergo surgery.<\/li>\n<\/ul>\n<p>Main side effects :<\/p>\n<ul class=\"b_vList b_divsec b_bullet\">\n<li data-priority=\"\">An unpleasant aftertaste<\/li>\n<li data-priority=\"\">References<\/li>\n<li data-priority=\"\">Acid reflux<\/li>\n<li data-priority=\"\">Skin rashes and\/or allergies<\/li>\n<li data-priority=\"\">Loose stools<\/li>\n<li data-priority=\"\">Nausea<\/li>\n<li data-priority=\"\">Nosebleeds in the event of heavy supplementation<\/li>\n<\/ul>","protected":false},"excerpt":{"rendered":"<h2>Dietary supplement for cardiovascular health<\/h2>\n<p>A highly concentrated formula containing some of the best patented active ingredients from the plant and marine world to protect the heart and arteries. MADA VERTE has an ELFA HyperPure ingredient patent for its olive leaf extract and a Quality Silver ingredient patent for the stability of its Omega-3-rich fish oil.<\/p>","protected":false},"featured_media":2513,"template":"","meta":{"_uag_custom_page_level_css":"","site-sidebar-layout":"default","site-content-layout":"","ast-site-content-layout":"default","site-content-style":"default","site-sidebar-style":"default","ast-global-header-display":"","ast-banner-title-visibility":"","ast-main-header-display":"","ast-hfb-above-header-display":"","ast-hfb-below-header-display":"","ast-hfb-mobile-header-display":"","site-post-title":"","ast-breadcrumbs-content":"","ast-featured-img":"","footer-sml-layout":"","ast-disable-related-posts":"","theme-transparent-header-meta":"default","adv-header-id-meta":"","stick-header-meta":"","header-above-stick-meta":"","header-main-stick-meta":"","header-below-stick-meta":"","astra-migrate-meta-layouts":"set","ast-page-background-enabled":"default","ast-page-background-meta":{"desktop":{"background-color":"var(--ast-global-color-4)","background-image":"","background-repeat":"repeat","background-position":"center center","background-size":"auto","background-attachment":"scroll","background-type":"","background-media":"","overlay-type":"","overlay-color":"","overlay-opacity":"","overlay-gradient":""},"tablet":{"background-color":"","background-image":"","background-repeat":"repeat","background-position":"center center","background-size":"auto","background-attachment":"scroll","background-type":"","background-media":"","overlay-type":"","overlay-color":"","overlay-opacity":"","overlay-gradient":""},"mobile":{"background-color":"","background-image":"","background-repeat":"repeat","background-position":"center center","background-size":"auto","background-attachment":"scroll","background-type":"","background-media":"","overlay-type":"","overlay-color":"","overlay-opacity":"","overlay-gradient":""}},"ast-content-background-meta":{"desktop":{"background-color":"var(--ast-global-color-5)","background-image":"","background-repeat":"repeat","background-position":"center center","background-size":"auto","background-attachment":"scroll","background-type":"","background-media":"","overlay-type":"","overlay-color":"","overlay-opacity":"","overlay-gradient":""},"tablet":{"background-color":"var(--ast-global-color-5)","background-image":"","background-repeat":"repeat","background-position":"center center","background-size":"auto","background-attachment":"scroll","background-type":"","background-media":"","overlay-type":"","overlay-color":"","overlay-opacity":"","overlay-gradient":""},"mobile":{"background-color":"var(--ast-global-color-5)","background-image":"","background-repeat":"repeat","background-position":"center center","background-size":"auto","background-attachment":"scroll","background-type":"","background-media":"","overlay-type":"","overlay-color":"","overlay-opacity":"","overlay-gradient":""}}},"product_brand":[],"product_cat":[25],"product_tag":[],"class_list":{"0":"post-2474","1":"product","2":"type-product","3":"status-publish","4":"has-post-thumbnail","6":"product_cat-complements-alimentaires","7":"desktop-align-center","8":"tablet-align-left","9":"mobile-align-left","11":"first","12":"outofstock","13":"shipping-taxable","14":"purchasable","15":"product-type-simple"},"uagb_featured_image_src":{"full":["https:\/\/madavertehelyoa.com\/wp-content\/uploads\/2024\/11\/3FFAC6AA-5C2B-4705-AFA3-B499AF36F703.jpg",1195,896,false],"thumbnail":["https:\/\/madavertehelyoa.com\/wp-content\/uploads\/2024\/11\/3FFAC6AA-5C2B-4705-AFA3-B499AF36F703-150x150.jpg",150,150,true],"medium":["https:\/\/madavertehelyoa.com\/wp-content\/uploads\/2024\/11\/3FFAC6AA-5C2B-4705-AFA3-B499AF36F703-300x225.jpg",300,225,true],"medium_large":["https:\/\/madavertehelyoa.com\/wp-content\/uploads\/2024\/11\/3FFAC6AA-5C2B-4705-AFA3-B499AF36F703-768x576.jpg",768,576,true],"large":["https:\/\/madavertehelyoa.com\/wp-content\/uploads\/2024\/11\/3FFAC6AA-5C2B-4705-AFA3-B499AF36F703-1024x768.jpg",1024,768,true],"1536x1536":["https:\/\/madavertehelyoa.com\/wp-content\/uploads\/2024\/11\/3FFAC6AA-5C2B-4705-AFA3-B499AF36F703.jpg",1195,896,false],"2048x2048":["https:\/\/madavertehelyoa.com\/wp-content\/uploads\/2024\/11\/3FFAC6AA-5C2B-4705-AFA3-B499AF36F703.jpg",1195,896,false],"trp-custom-language-flag":["https:\/\/madavertehelyoa.com\/wp-content\/uploads\/2024\/11\/3FFAC6AA-5C2B-4705-AFA3-B499AF36F703.jpg",16,12,false],"woocommerce_thumbnail":["https:\/\/madavertehelyoa.com\/wp-content\/uploads\/2024\/11\/3FFAC6AA-5C2B-4705-AFA3-B499AF36F703-300x300.jpg",300,300,true],"woocommerce_single":["https:\/\/madavertehelyoa.com\/wp-content\/uploads\/2024\/11\/3FFAC6AA-5C2B-4705-AFA3-B499AF36F703-600x450.jpg",600,450,true],"woocommerce_gallery_thumbnail":["https:\/\/madavertehelyoa.com\/wp-content\/uploads\/2024\/11\/3FFAC6AA-5C2B-4705-AFA3-B499AF36F703-100x100.jpg",100,100,true]},"uagb_author_info":{"display_name":"agence.cityweb@gmail.com","author_link":"https:\/\/madavertehelyoa.com\/en\/author\/"},"uagb_comment_info":0,"uagb_excerpt":"Compl\u00e9ment alimentaire sant\u00e9 cardio-vasculaire Une formule hautement concentr\u00e9e en actifs brevet\u00e9s parmi les meilleurs du monde v\u00e9g\u00e9tal et marin pour prot\u00e9ger le c\u0153ur et les art\u00e8res. MADA VERTE dispose d'un brevet ingr\u00e9dient ELFA HyperPure pour son extrait de feuille d'olivier et un brevet ingr\u00e9dient Quality Silver pour la stabilit\u00e9 de son huile de poisson riche&hellip;","_links":{"self":[{"href":"https:\/\/madavertehelyoa.com\/en\/wp-json\/wp\/v2\/product\/2474","targetHints":{"allow":["GET"]}}],"collection":[{"href":"https:\/\/madavertehelyoa.com\/en\/wp-json\/wp\/v2\/product"}],"about":[{"href":"https:\/\/madavertehelyoa.com\/en\/wp-json\/wp\/v2\/types\/product"}],"wp:featuredmedia":[{"embeddable":true,"href":"https:\/\/madavertehelyoa.com\/en\/wp-json\/wp\/v2\/media\/2513"}],"wp:attachment":[{"href":"https:\/\/madavertehelyoa.com\/en\/wp-json\/wp\/v2\/media?parent=2474"}],"wp:term":[{"taxonomy":"product_brand","embeddable":true,"href":"https:\/\/madavertehelyoa.com\/en\/wp-json\/wp\/v2\/product_brand?post=2474"},{"taxonomy":"product_cat","embeddable":true,"href":"https:\/\/madavertehelyoa.com\/en\/wp-json\/wp\/v2\/product_cat?post=2474"},{"taxonomy":"product_tag","embeddable":true,"href":"https:\/\/madavertehelyoa.com\/en\/wp-json\/wp\/v2\/product_tag?post=2474"}],"curies":[{"name":"wp","href":"https:\/\/api.w.org\/{rel}","templated":true}]}}