{"id":2475,"date":"2024-11-28T16:16:51","date_gmt":"2024-11-28T16:16:51","guid":{"rendered":"https:\/\/madavertehelyoa.com\/?post_type=product&#038;p=2475"},"modified":"2025-05-28T12:50:56","modified_gmt":"2025-05-28T12:50:56","slug":"magnesium-marin","status":"publish","type":"product","link":"https:\/\/madavertehelyoa.com\/en\/product\/magnesium-marin\/","title":{"rendered":"MARINE MAGNESIUM 60 caps"},"content":{"rendered":"<div class=\"title-container\">\n<h2 class=\"title-head\" data-attributes=\"\"><\/h2>\n<\/div>\n<div class=\"description\">\n<p>Marine magnesium is particularly<strong>\u00a0effective against physical fatigue\u00a0<\/strong>It helps you fall asleep, improves the quality of your sleep and ensures a more restful night's rest. It also supports muscle function and helps to calm the nerves.\u00a0<strong>cramps and aches<\/strong>. Mentally, it's\u00a0<strong>an anti-depression ally <\/strong>As magnesium plays a role in the production of serotonin, the neuromediator of well-being, it helps to combat spleen and low morale. It also helps to<strong>\u00a0calming stress, anxiety and irritability<\/strong>. Lastly, it has a beneficial effect on the brain, helping to<strong>improve concentration<\/strong><\/p>\n<p>Marine magnesium contains <strong>contraindications<\/strong> :<\/p>\n<ul>\n<li>Not recommended for people suffering from frequent digestive disorders, irritable bowel syndrome, ulcerative colitis or gastritis.<\/li>\n<li>Avoid for anyone using medicines for kidney disease or taking diuretics, as it could affect the way these medicines behave in the body.<\/li>\n<\/ul>\n<p>Main side effects:<\/p>\n<p>In the event of\u00a0<strong>overdose<\/strong>supplementation can present a real danger and cause side effects such as :<\/p>\n<ul class=\"wp-block-list\">\n<li>hypermagnesaemia (too high a concentration of magnesium in the blood)<\/li>\n<li>diarrhoea<\/li>\n<li>vomiting<\/li>\n<li>hypotension<\/li>\n<li>muscle weakness<\/li>\n<li>respiratory problems<\/li>\n<\/ul>\n<\/div>","protected":false},"excerpt":{"rendered":"<h2><\/h2>\n<p>Marine Magnesium, Vitamin B6 is composed of magnesium 100% of marine origin and vitamin B6. This formula is complete thanks to the complementary nature of marine magnesium and vitamin B6 to ensure greater effectiveness and excellent assimilation. Marine Magnesium B6 provides 80% of the recommended nutritional values for magnesium.<\/p>","protected":false},"featured_media":2507,"template":"","meta":{"_uag_custom_page_level_css":"","site-sidebar-layout":"default","site-content-layout":"","ast-site-content-layout":"default","site-content-style":"default","site-sidebar-style":"default","ast-global-header-display":"","ast-banner-title-visibility":"","ast-main-header-display":"","ast-hfb-above-header-display":"","ast-hfb-below-header-display":"","ast-hfb-mobile-header-display":"","site-post-title":"","ast-breadcrumbs-content":"","ast-featured-img":"","footer-sml-layout":"","ast-disable-related-posts":"","theme-transparent-header-meta":"default","adv-header-id-meta":"","stick-header-meta":"","header-above-stick-meta":"","header-main-stick-meta":"","header-below-stick-meta":"","astra-migrate-meta-layouts":"set","ast-page-background-enabled":"default","ast-page-background-meta":{"desktop":{"background-color":"var(--ast-global-color-4)","background-image":"","background-repeat":"repeat","background-position":"center center","background-size":"auto","background-attachment":"scroll","background-type":"","background-media":"","overlay-type":"","overlay-color":"","overlay-opacity":"","overlay-gradient":""},"tablet":{"background-color":"","background-image":"","background-repeat":"repeat","background-position":"center center","background-size":"auto","background-attachment":"scroll","background-type":"","background-media":"","overlay-type":"","overlay-color":"","overlay-opacity":"","overlay-gradient":""},"mobile":{"background-color":"","background-image":"","background-repeat":"repeat","background-position":"center center","background-size":"auto","background-attachment":"scroll","background-type":"","background-media":"","overlay-type":"","overlay-color":"","overlay-opacity":"","overlay-gradient":""}},"ast-content-background-meta":{"desktop":{"background-color":"var(--ast-global-color-5)","background-image":"","background-repeat":"repeat","background-position":"center center","background-size":"auto","background-attachment":"scroll","background-type":"","background-media":"","overlay-type":"","overlay-color":"","overlay-opacity":"","overlay-gradient":""},"tablet":{"background-color":"var(--ast-global-color-5)","background-image":"","background-repeat":"repeat","background-position":"center center","background-size":"auto","background-attachment":"scroll","background-type":"","background-media":"","overlay-type":"","overlay-color":"","overlay-opacity":"","overlay-gradient":""},"mobile":{"background-color":"var(--ast-global-color-5)","background-image":"","background-repeat":"repeat","background-position":"center center","background-size":"auto","background-attachment":"scroll","background-type":"","background-media":"","overlay-type":"","overlay-color":"","overlay-opacity":"","overlay-gradient":""}}},"product_brand":[],"product_cat":[25],"product_tag":[],"class_list":{"0":"post-2475","1":"product","2":"type-product","3":"status-publish","4":"has-post-thumbnail","6":"product_cat-complements-alimentaires","7":"desktop-align-center","8":"tablet-align-left","9":"mobile-align-left","11":"first","12":"outofstock","13":"shipping-taxable","14":"purchasable","15":"product-type-simple"},"uagb_featured_image_src":{"full":["https:\/\/madavertehelyoa.com\/wp-content\/uploads\/2024\/11\/5-1.jpg",1208,906,false],"thumbnail":["https:\/\/madavertehelyoa.com\/wp-content\/uploads\/2024\/11\/5-1-150x150.jpg",150,150,true],"medium":["https:\/\/madavertehelyoa.com\/wp-content\/uploads\/2024\/11\/5-1-300x225.jpg",300,225,true],"medium_large":["https:\/\/madavertehelyoa.com\/wp-content\/uploads\/2024\/11\/5-1-768x576.jpg",768,576,true],"large":["https:\/\/madavertehelyoa.com\/wp-content\/uploads\/2024\/11\/5-1-1024x768.jpg",1024,768,true],"1536x1536":["https:\/\/madavertehelyoa.com\/wp-content\/uploads\/2024\/11\/5-1.jpg",1208,906,false],"2048x2048":["https:\/\/madavertehelyoa.com\/wp-content\/uploads\/2024\/11\/5-1.jpg",1208,906,false],"trp-custom-language-flag":["https:\/\/madavertehelyoa.com\/wp-content\/uploads\/2024\/11\/5-1.jpg",16,12,false],"woocommerce_thumbnail":["https:\/\/madavertehelyoa.com\/wp-content\/uploads\/2024\/11\/5-1-300x300.jpg",300,300,true],"woocommerce_single":["https:\/\/madavertehelyoa.com\/wp-content\/uploads\/2024\/11\/5-1-600x450.jpg",600,450,true],"woocommerce_gallery_thumbnail":["https:\/\/madavertehelyoa.com\/wp-content\/uploads\/2024\/11\/5-1-100x100.jpg",100,100,true]},"uagb_author_info":{"display_name":"agence.cityweb@gmail.com","author_link":"https:\/\/madavertehelyoa.com\/en\/author\/"},"uagb_comment_info":0,"uagb_excerpt":"Magn\u00e9sium Marin, Vitamine B6 est compos\u00e9 de magn\u00e9sium 100% d\u2019origine marine et de vitamine B6. Cette formule est compl\u00e8te gr\u00e2ce \u00e0 la compl\u00e9mentarit\u00e9 du magn\u00e9sium marin et de la vitamine B6 pour assurer une meilleure efficacit\u00e9 ainsi qu'une excellente assimilation. Magn\u00e9sium Marin B6 vous apporte 80% des valeurs nutritionnelles recommand\u00e9es en magn\u00e9sium.","_links":{"self":[{"href":"https:\/\/madavertehelyoa.com\/en\/wp-json\/wp\/v2\/product\/2475","targetHints":{"allow":["GET"]}}],"collection":[{"href":"https:\/\/madavertehelyoa.com\/en\/wp-json\/wp\/v2\/product"}],"about":[{"href":"https:\/\/madavertehelyoa.com\/en\/wp-json\/wp\/v2\/types\/product"}],"wp:featuredmedia":[{"embeddable":true,"href":"https:\/\/madavertehelyoa.com\/en\/wp-json\/wp\/v2\/media\/2507"}],"wp:attachment":[{"href":"https:\/\/madavertehelyoa.com\/en\/wp-json\/wp\/v2\/media?parent=2475"}],"wp:term":[{"taxonomy":"product_brand","embeddable":true,"href":"https:\/\/madavertehelyoa.com\/en\/wp-json\/wp\/v2\/product_brand?post=2475"},{"taxonomy":"product_cat","embeddable":true,"href":"https:\/\/madavertehelyoa.com\/en\/wp-json\/wp\/v2\/product_cat?post=2475"},{"taxonomy":"product_tag","embeddable":true,"href":"https:\/\/madavertehelyoa.com\/en\/wp-json\/wp\/v2\/product_tag?post=2475"}],"curies":[{"name":"wp","href":"https:\/\/api.w.org\/{rel}","templated":true}]}}