{"id":2478,"date":"2024-11-28T16:24:05","date_gmt":"2024-11-28T16:24:05","guid":{"rendered":"https:\/\/madavertehelyoa.com\/?post_type=product&#038;p=2478"},"modified":"2025-05-18T15:54:59","modified_gmt":"2025-05-18T15:54:59","slug":"huile-de-foie-de-morue-60caps","status":"publish","type":"product","link":"https:\/\/madavertehelyoa.com\/en\/product\/huile-de-foie-de-morue-60caps\/","title":{"rendered":"COD LIVERS OIL 60caps"},"content":{"rendered":"<div class=\"title-container\"><\/div>\n<div class=\"description\">\n<h2>Compl\u00e9ment alimentaire pour fortifier l\u2019organisme<\/h2>\n<p>L&rsquo;huile de foie de morue pr\u00e9sente plusieurs bienfaits pour la sant\u00e9:<\/p>\n<ul>\n<li>\u00a0 Prot\u00e9ger les articulations : Son action s\u2019explique par sa teneur en vitamine D, qui aide le calcium \u00e0 se fixer sur les os. Elle contribue au maintien d\u2019une ossature normale et soutient la croissance osseuse chez l\u2019enfant.<\/li>\n<li>\u00a0Favoriser la sant\u00e9 cardio-vasculaire : aiderait \u00e0 r\u00e9guler la pression art\u00e9rielle chez les personnes en bonne sant\u00e9 et pr\u00e9venir les maladies cardiovasculaires.<\/li>\n<li>Am\u00e9liorer la vision : L\u2019association des om\u00e9ga-3 et de la vitamine A dans l\u2019huile serait b\u00e9n\u00e9fique pour pr\u00e9venir les troubles de la vision.<\/li>\n<li>Soutenir les fonctions cognitives et c\u00e9r\u00e9brales : Les om\u00e9ga-3 ont une action b\u00e9n\u00e9fique sur la fonction cognitive, la m\u00e9moire et le d\u00e9veloppement c\u00e9r\u00e9bral<\/li>\n<li>Aider \u00e0 lutter contre la d\u00e9pression : Une \u00e9tude[5] en 2013 a montr\u00e9 l\u2019efficacit\u00e9 de l\u2019huile de foie de morue dans la pr\u00e9vention de la d\u00e9pression et des troubles de l\u2019humeur. Selon les r\u00e9sultats, une prise quotidienne d\u2019om\u00e9ga-3 r\u00e9duirait les risques de souffrir d\u2019une d\u00e9pression de 30 %.<\/li>\n<\/ul>\n<p>L&rsquo;huile de foie de morue a quelques<strong> contre indications :\u00a0<\/strong><\/p>\n<ul>\n<li>Femmes enceintes et allaitantes doivent demander l&rsquo;avis d&rsquo;un professionnel de sant\u00e9 avant d&rsquo;en consommer<\/li>\n<li>Les personnes allergiques aux poissons<\/li>\n<li>interaction m\u00e9dicamenteuse<\/li>\n<li>Doses \u00e9lev\u00e9s de certaines vitamines peuvent \u00eatre nocives pour le nourrissons et le f\u0153tus .<\/li>\n<\/ul>\n<p>Principaux effets secondaires :<\/p>\n<ul>\n<li>Des maux de t\u00eate,<\/li>\n<li>une mauvaise haleine<\/li>\n<li>des troubles digestifs mineurs<\/li>\n<\/ul>\n<\/div>\n","protected":false},"excerpt":{"rendered":"<p class=\"ql-align-justify\">Cod liver oil on offer\u00a0<strong>superior quality oil\u00a0<\/strong>for its high concentration of active ingredients and its responsible approach.<\/p>\n<p class=\"ql-align-justify\">Extracted under the best conditions, the oil is concentrated in omega-3 (DHA and EPA) and vitamins D and A to act in two ways:\u00a0<strong>boosting the immune system\u00a0<\/strong>and\u00a0<strong>reduced fatigue.\u00a0<\/strong><\/p>","protected":false},"featured_media":2515,"template":"","meta":{"_uag_custom_page_level_css":"","site-sidebar-layout":"default","site-content-layout":"","ast-site-content-layout":"default","site-content-style":"default","site-sidebar-style":"default","ast-global-header-display":"","ast-banner-title-visibility":"","ast-main-header-display":"","ast-hfb-above-header-display":"","ast-hfb-below-header-display":"","ast-hfb-mobile-header-display":"","site-post-title":"","ast-breadcrumbs-content":"","ast-featured-img":"","footer-sml-layout":"","ast-disable-related-posts":"","theme-transparent-header-meta":"default","adv-header-id-meta":"","stick-header-meta":"","header-above-stick-meta":"","header-main-stick-meta":"","header-below-stick-meta":"","astra-migrate-meta-layouts":"set","ast-page-background-enabled":"default","ast-page-background-meta":{"desktop":{"background-color":"var(--ast-global-color-4)","background-image":"","background-repeat":"repeat","background-position":"center center","background-size":"auto","background-attachment":"scroll","background-type":"","background-media":"","overlay-type":"","overlay-color":"","overlay-opacity":"","overlay-gradient":""},"tablet":{"background-color":"","background-image":"","background-repeat":"repeat","background-position":"center center","background-size":"auto","background-attachment":"scroll","background-type":"","background-media":"","overlay-type":"","overlay-color":"","overlay-opacity":"","overlay-gradient":""},"mobile":{"background-color":"","background-image":"","background-repeat":"repeat","background-position":"center center","background-size":"auto","background-attachment":"scroll","background-type":"","background-media":"","overlay-type":"","overlay-color":"","overlay-opacity":"","overlay-gradient":""}},"ast-content-background-meta":{"desktop":{"background-color":"var(--ast-global-color-5)","background-image":"","background-repeat":"repeat","background-position":"center center","background-size":"auto","background-attachment":"scroll","background-type":"","background-media":"","overlay-type":"","overlay-color":"","overlay-opacity":"","overlay-gradient":""},"tablet":{"background-color":"var(--ast-global-color-5)","background-image":"","background-repeat":"repeat","background-position":"center center","background-size":"auto","background-attachment":"scroll","background-type":"","background-media":"","overlay-type":"","overlay-color":"","overlay-opacity":"","overlay-gradient":""},"mobile":{"background-color":"var(--ast-global-color-5)","background-image":"","background-repeat":"repeat","background-position":"center center","background-size":"auto","background-attachment":"scroll","background-type":"","background-media":"","overlay-type":"","overlay-color":"","overlay-opacity":"","overlay-gradient":""}}},"product_brand":[],"product_cat":[25],"product_tag":[],"class_list":{"0":"post-2478","1":"product","2":"type-product","3":"status-publish","4":"has-post-thumbnail","6":"product_cat-complements-alimentaires","7":"desktop-align-center","8":"tablet-align-left","9":"mobile-align-left","11":"first","12":"outofstock","13":"shipping-taxable","14":"purchasable","15":"product-type-simple"},"uagb_featured_image_src":{"full":["https:\/\/madavertehelyoa.com\/wp-content\/uploads\/2024\/11\/Photoroom_20240511_201301.jpeg",2204,1653,false],"thumbnail":["https:\/\/madavertehelyoa.com\/wp-content\/uploads\/2024\/11\/Photoroom_20240511_201301-150x150.jpeg",150,150,true],"medium":["https:\/\/madavertehelyoa.com\/wp-content\/uploads\/2024\/11\/Photoroom_20240511_201301-300x225.jpeg",300,225,true],"medium_large":["https:\/\/madavertehelyoa.com\/wp-content\/uploads\/2024\/11\/Photoroom_20240511_201301-768x576.jpeg",768,576,true],"large":["https:\/\/madavertehelyoa.com\/wp-content\/uploads\/2024\/11\/Photoroom_20240511_201301-1024x768.jpeg",1024,768,true],"1536x1536":["https:\/\/madavertehelyoa.com\/wp-content\/uploads\/2024\/11\/Photoroom_20240511_201301-1536x1152.jpeg",1536,1152,true],"2048x2048":["https:\/\/madavertehelyoa.com\/wp-content\/uploads\/2024\/11\/Photoroom_20240511_201301-2048x1536.jpeg",2048,1536,true],"trp-custom-language-flag":["https:\/\/madavertehelyoa.com\/wp-content\/uploads\/2024\/11\/Photoroom_20240511_201301.jpeg",16,12,false],"woocommerce_thumbnail":["https:\/\/madavertehelyoa.com\/wp-content\/uploads\/2024\/11\/Photoroom_20240511_201301-300x300.jpeg",300,300,true],"woocommerce_single":["https:\/\/madavertehelyoa.com\/wp-content\/uploads\/2024\/11\/Photoroom_20240511_201301-600x450.jpeg",600,450,true],"woocommerce_gallery_thumbnail":["https:\/\/madavertehelyoa.com\/wp-content\/uploads\/2024\/11\/Photoroom_20240511_201301-100x100.jpeg",100,100,true]},"uagb_author_info":{"display_name":"agence.cityweb@gmail.com","author_link":"https:\/\/madavertehelyoa.com\/en\/author\/"},"uagb_comment_info":0,"uagb_excerpt":"Huile de foie de morue offre\u00a0une huile de qualit\u00e9 sup\u00e9rieure\u00a0pour sa haute concentration en actifs et son aspect responsable. Extraite dans les meilleures conditions, l\u2019huile est concentr\u00e9e en om\u00e9ga-3 (DHA et EPA) et en vitamines D et A pour agir en deux actions :\u00a0renforcement du syst\u00e8me immunitaire\u00a0et\u00a0r\u00e9duction de la fatigue.\u00a0","_links":{"self":[{"href":"https:\/\/madavertehelyoa.com\/en\/wp-json\/wp\/v2\/product\/2478","targetHints":{"allow":["GET"]}}],"collection":[{"href":"https:\/\/madavertehelyoa.com\/en\/wp-json\/wp\/v2\/product"}],"about":[{"href":"https:\/\/madavertehelyoa.com\/en\/wp-json\/wp\/v2\/types\/product"}],"wp:featuredmedia":[{"embeddable":true,"href":"https:\/\/madavertehelyoa.com\/en\/wp-json\/wp\/v2\/media\/2515"}],"wp:attachment":[{"href":"https:\/\/madavertehelyoa.com\/en\/wp-json\/wp\/v2\/media?parent=2478"}],"wp:term":[{"taxonomy":"product_brand","embeddable":true,"href":"https:\/\/madavertehelyoa.com\/en\/wp-json\/wp\/v2\/product_brand?post=2478"},{"taxonomy":"product_cat","embeddable":true,"href":"https:\/\/madavertehelyoa.com\/en\/wp-json\/wp\/v2\/product_cat?post=2478"},{"taxonomy":"product_tag","embeddable":true,"href":"https:\/\/madavertehelyoa.com\/en\/wp-json\/wp\/v2\/product_tag?post=2478"}],"curies":[{"name":"wp","href":"https:\/\/api.w.org\/{rel}","templated":true}]}}