{"id":2545,"date":"2024-11-30T14:50:26","date_gmt":"2024-11-30T14:50:26","guid":{"rendered":"https:\/\/madavertehelyoa.com\/?post_type=product&#038;p=2545"},"modified":"2025-05-18T15:53:19","modified_gmt":"2025-05-18T15:53:19","slug":"huile-vegetale-de-bourrache-60-caps","status":"publish","type":"product","link":"https:\/\/madavertehelyoa.com\/en\/product\/huile-vegetale-de-bourrache-60-caps\/","title":{"rendered":"BORAGE VEGETABLE OIL 60 caps"},"content":{"rendered":"<ul>\n<li>Provides <strong>anti-inflammatory properties<\/strong> Used for its role in reducing the symptoms of various inflammatory and age-related disorders, in particular arthritis, atopic eczema and respiratory problems.<\/li>\n<li>Properties a<strong>ntioxidants that fight cancer<\/strong> cytotoxic activities that considerably reduce the lifespan of toxic cells while extending our own lifespan.<\/li>\n<li>Can <strong>reduce the symptoms of arthritis:<\/strong> GLA from borage oil appears to work as a natural remedy for the pain of rheumatoid arthritis, especially when used in combination with analgesics and anti-inflammatories.<\/li>\n<li>Combating eczema and skin problems<\/li>\n<li>Helps heal<strong> respiratory infections<\/strong> Borage oil has been found to improve lung function, particularly in people with respiratory infections and conditions such as acute respiratory distress syndrome (ARDS). Borage seed oil supplements taken in capsule form can help speed up the healing time of coughs, colds or flu, reduce the time spent in hospital or taking medication and stop the inflammation that can worsen respiratory symptoms.<\/li>\n<li>Support for growth and development<\/li>\n<li>Can help reduce fat accumulation and facilitate weight loss<\/li>\n<\/ul>\n<p><strong>Contraindications<\/strong> :<\/p>\n<ul>\n<li>Not recommended for pregnant or breast-feeding women due to the presence of pyrrolizidine alkaloids.<\/li>\n<li>Avoid in case of liver disorders.<\/li>\n<li>May be hepatotoxic in the long term.<\/li>\n<li>Not recommended for people with low blood pressure or hormone-dependent diseases.<\/li>\n<\/ul>\n<p>Side effects :<\/p>\n<ul>\n<li>Headaches<\/li>\n<li>digestive problems<\/li>\n<li>bloating<\/li>\n<\/ul>","protected":false},"excerpt":{"rendered":"<h3>This precious oil is renowned for its many benefits for the skin, respiratory health, joint health and urinary health.<\/h3>\n<p>Borage oil is extracted from the seeds of the borage plant (Borago officinalis), a wild plant native to the Mediterranean region. Particularly rich in essential fatty acids, borage oil is packed with nutrients that are good for the body.<\/p>","protected":false},"featured_media":2517,"template":"","meta":{"_uag_custom_page_level_css":"","site-sidebar-layout":"default","site-content-layout":"","ast-site-content-layout":"default","site-content-style":"default","site-sidebar-style":"default","ast-global-header-display":"","ast-banner-title-visibility":"","ast-main-header-display":"","ast-hfb-above-header-display":"","ast-hfb-below-header-display":"","ast-hfb-mobile-header-display":"","site-post-title":"","ast-breadcrumbs-content":"","ast-featured-img":"","footer-sml-layout":"","ast-disable-related-posts":"","theme-transparent-header-meta":"default","adv-header-id-meta":"","stick-header-meta":"","header-above-stick-meta":"","header-main-stick-meta":"","header-below-stick-meta":"","astra-migrate-meta-layouts":"set","ast-page-background-enabled":"default","ast-page-background-meta":{"desktop":{"background-color":"var(--ast-global-color-4)","background-image":"","background-repeat":"repeat","background-position":"center center","background-size":"auto","background-attachment":"scroll","background-type":"","background-media":"","overlay-type":"","overlay-color":"","overlay-opacity":"","overlay-gradient":""},"tablet":{"background-color":"","background-image":"","background-repeat":"repeat","background-position":"center center","background-size":"auto","background-attachment":"scroll","background-type":"","background-media":"","overlay-type":"","overlay-color":"","overlay-opacity":"","overlay-gradient":""},"mobile":{"background-color":"","background-image":"","background-repeat":"repeat","background-position":"center center","background-size":"auto","background-attachment":"scroll","background-type":"","background-media":"","overlay-type":"","overlay-color":"","overlay-opacity":"","overlay-gradient":""}},"ast-content-background-meta":{"desktop":{"background-color":"var(--ast-global-color-5)","background-image":"","background-repeat":"repeat","background-position":"center center","background-size":"auto","background-attachment":"scroll","background-type":"","background-media":"","overlay-type":"","overlay-color":"","overlay-opacity":"","overlay-gradient":""},"tablet":{"background-color":"var(--ast-global-color-5)","background-image":"","background-repeat":"repeat","background-position":"center center","background-size":"auto","background-attachment":"scroll","background-type":"","background-media":"","overlay-type":"","overlay-color":"","overlay-opacity":"","overlay-gradient":""},"mobile":{"background-color":"var(--ast-global-color-5)","background-image":"","background-repeat":"repeat","background-position":"center center","background-size":"auto","background-attachment":"scroll","background-type":"","background-media":"","overlay-type":"","overlay-color":"","overlay-opacity":"","overlay-gradient":""}}},"product_brand":[],"product_cat":[25],"product_tag":[],"class_list":{"0":"post-2545","1":"product","2":"type-product","3":"status-publish","4":"has-post-thumbnail","6":"product_cat-complements-alimentaires","7":"desktop-align-center","8":"tablet-align-left","9":"mobile-align-left","11":"first","12":"outofstock","13":"shipping-taxable","14":"purchasable","15":"product-type-simple"},"uagb_featured_image_src":{"full":["https:\/\/madavertehelyoa.com\/wp-content\/uploads\/2024\/11\/IMG_0161-scaled.jpg",2560,1920,false],"thumbnail":["https:\/\/madavertehelyoa.com\/wp-content\/uploads\/2024\/11\/IMG_0161-150x150.jpg",150,150,true],"medium":["https:\/\/madavertehelyoa.com\/wp-content\/uploads\/2024\/11\/IMG_0161-300x225.jpg",300,225,true],"medium_large":["https:\/\/madavertehelyoa.com\/wp-content\/uploads\/2024\/11\/IMG_0161-768x576.jpg",768,576,true],"large":["https:\/\/madavertehelyoa.com\/wp-content\/uploads\/2024\/11\/IMG_0161-1024x768.jpg",1024,768,true],"1536x1536":["https:\/\/madavertehelyoa.com\/wp-content\/uploads\/2024\/11\/IMG_0161-1536x1152.jpg",1536,1152,true],"2048x2048":["https:\/\/madavertehelyoa.com\/wp-content\/uploads\/2024\/11\/IMG_0161-2048x1536.jpg",2048,1536,true],"trp-custom-language-flag":["https:\/\/madavertehelyoa.com\/wp-content\/uploads\/2024\/11\/IMG_0161-scaled.jpg",16,12,false],"woocommerce_thumbnail":["https:\/\/madavertehelyoa.com\/wp-content\/uploads\/2024\/11\/IMG_0161-300x300.jpg",300,300,true],"woocommerce_single":["https:\/\/madavertehelyoa.com\/wp-content\/uploads\/2024\/11\/IMG_0161-600x450.jpg",600,450,true],"woocommerce_gallery_thumbnail":["https:\/\/madavertehelyoa.com\/wp-content\/uploads\/2024\/11\/IMG_0161-100x100.jpg",100,100,true]},"uagb_author_info":{"display_name":"ravaomariahelene@gmail.com","author_link":"https:\/\/madavertehelyoa.com\/en\/author\/"},"uagb_comment_info":0,"uagb_excerpt":"Huile pr\u00e9cieuse est r\u00e9put\u00e9e pour ses nombreux bienfaits sur la peau, la sant\u00e9 respiratoire, la sant\u00e9 articulaire ainsi que la sant\u00e9 urinaire. L\u2019huile de bourrache est extraite des graines de la plante de bourrache (Borago officinalis), une plante sauvage originaire du pourtour m\u00e9diterran\u00e9en. Particuli\u00e8rement riche en acides gras essentiels, l\u2019huile de bourrache regorge de nombreux&hellip;","_links":{"self":[{"href":"https:\/\/madavertehelyoa.com\/en\/wp-json\/wp\/v2\/product\/2545","targetHints":{"allow":["GET"]}}],"collection":[{"href":"https:\/\/madavertehelyoa.com\/en\/wp-json\/wp\/v2\/product"}],"about":[{"href":"https:\/\/madavertehelyoa.com\/en\/wp-json\/wp\/v2\/types\/product"}],"wp:featuredmedia":[{"embeddable":true,"href":"https:\/\/madavertehelyoa.com\/en\/wp-json\/wp\/v2\/media\/2517"}],"wp:attachment":[{"href":"https:\/\/madavertehelyoa.com\/en\/wp-json\/wp\/v2\/media?parent=2545"}],"wp:term":[{"taxonomy":"product_brand","embeddable":true,"href":"https:\/\/madavertehelyoa.com\/en\/wp-json\/wp\/v2\/product_brand?post=2545"},{"taxonomy":"product_cat","embeddable":true,"href":"https:\/\/madavertehelyoa.com\/en\/wp-json\/wp\/v2\/product_cat?post=2545"},{"taxonomy":"product_tag","embeddable":true,"href":"https:\/\/madavertehelyoa.com\/en\/wp-json\/wp\/v2\/product_tag?post=2545"}],"curies":[{"name":"wp","href":"https:\/\/api.w.org\/{rel}","templated":true}]}}