{"id":2552,"date":"2024-12-04T09:35:31","date_gmt":"2024-12-04T09:35:31","guid":{"rendered":"https:\/\/madavertehelyoa.com\/?post_type=product&#038;p=2552"},"modified":"2025-06-02T07:38:59","modified_gmt":"2025-06-02T07:38:59","slug":"mandravasarotra-complexe-250ml","status":"publish","type":"product","link":"https:\/\/madavertehelyoa.com\/en\/product\/mandravasarotra-complexe-250ml\/","title":{"rendered":"MANDRAVASAROTRA COMPLEX 500ml"},"content":{"rendered":"<p>MANDRAVASAROTRA COMPLEX, composed of essential oil, trace elements, mineral salts and other plant extracts, helps to stimulate and strengthen the body's natural defences.<\/p>\n<p>The MANDRAVASAROTRA ( Cinnamosma fragans) has a most intriguing history and enjoys a legendary reputation in Madagascar thanks to its mysterious powers that help cure almost any ailment.<\/p>\n<p><strong>CONTRAINDICATIONS<\/strong><\/p>\n<p>Infants, young children, pregnant and breastfeeding women.<\/p>\n<p>Intolerance to any of its components<\/p>","protected":false},"excerpt":{"rendered":"<p>Traditionally used in cases of reduced immune defence, food poisoning or drug poisoning.<\/p>\n<p>Helps with sluggish liver function<\/p>","protected":false},"featured_media":2488,"template":"","meta":{"_uag_custom_page_level_css":"","site-sidebar-layout":"default","site-content-layout":"","ast-site-content-layout":"default","site-content-style":"default","site-sidebar-style":"default","ast-global-header-display":"","ast-banner-title-visibility":"","ast-main-header-display":"","ast-hfb-above-header-display":"","ast-hfb-below-header-display":"","ast-hfb-mobile-header-display":"","site-post-title":"","ast-breadcrumbs-content":"","ast-featured-img":"","footer-sml-layout":"","ast-disable-related-posts":"","theme-transparent-header-meta":"default","adv-header-id-meta":"","stick-header-meta":"","header-above-stick-meta":"","header-main-stick-meta":"","header-below-stick-meta":"","astra-migrate-meta-layouts":"set","ast-page-background-enabled":"default","ast-page-background-meta":{"desktop":{"background-color":"var(--ast-global-color-4)","background-image":"","background-repeat":"repeat","background-position":"center center","background-size":"auto","background-attachment":"scroll","background-type":"","background-media":"","overlay-type":"","overlay-color":"","overlay-opacity":"","overlay-gradient":""},"tablet":{"background-color":"","background-image":"","background-repeat":"repeat","background-position":"center center","background-size":"auto","background-attachment":"scroll","background-type":"","background-media":"","overlay-type":"","overlay-color":"","overlay-opacity":"","overlay-gradient":""},"mobile":{"background-color":"","background-image":"","background-repeat":"repeat","background-position":"center center","background-size":"auto","background-attachment":"scroll","background-type":"","background-media":"","overlay-type":"","overlay-color":"","overlay-opacity":"","overlay-gradient":""}},"ast-content-background-meta":{"desktop":{"background-color":"var(--ast-global-color-5)","background-image":"","background-repeat":"repeat","background-position":"center center","background-size":"auto","background-attachment":"scroll","background-type":"","background-media":"","overlay-type":"","overlay-color":"","overlay-opacity":"","overlay-gradient":""},"tablet":{"background-color":"var(--ast-global-color-5)","background-image":"","background-repeat":"repeat","background-position":"center center","background-size":"auto","background-attachment":"scroll","background-type":"","background-media":"","overlay-type":"","overlay-color":"","overlay-opacity":"","overlay-gradient":""},"mobile":{"background-color":"var(--ast-global-color-5)","background-image":"","background-repeat":"repeat","background-position":"center center","background-size":"auto","background-attachment":"scroll","background-type":"","background-media":"","overlay-type":"","overlay-color":"","overlay-opacity":"","overlay-gradient":""}}},"product_brand":[],"product_cat":[25],"product_tag":[],"class_list":{"0":"post-2552","1":"product","2":"type-product","3":"status-publish","4":"has-post-thumbnail","6":"product_cat-complements-alimentaires","7":"desktop-align-center","8":"tablet-align-left","9":"mobile-align-left","11":"first","12":"outofstock","13":"shipping-taxable","14":"purchasable","15":"product-type-simple"},"uagb_featured_image_src":{"full":["https:\/\/madavertehelyoa.com\/wp-content\/uploads\/2024\/11\/10.jpg",1512,2016,false],"thumbnail":["https:\/\/madavertehelyoa.com\/wp-content\/uploads\/2024\/11\/10-150x150.jpg",150,150,true],"medium":["https:\/\/madavertehelyoa.com\/wp-content\/uploads\/2024\/11\/10-225x300.jpg",225,300,true],"medium_large":["https:\/\/madavertehelyoa.com\/wp-content\/uploads\/2024\/11\/10-768x1024.jpg",768,1024,true],"large":["https:\/\/madavertehelyoa.com\/wp-content\/uploads\/2024\/11\/10-768x1024.jpg",768,1024,true],"1536x1536":["https:\/\/madavertehelyoa.com\/wp-content\/uploads\/2024\/11\/10-1152x1536.jpg",1152,1536,true],"2048x2048":["https:\/\/madavertehelyoa.com\/wp-content\/uploads\/2024\/11\/10.jpg",1512,2016,false],"trp-custom-language-flag":["https:\/\/madavertehelyoa.com\/wp-content\/uploads\/2024\/11\/10.jpg",9,12,false],"woocommerce_thumbnail":["https:\/\/madavertehelyoa.com\/wp-content\/uploads\/2024\/11\/10-300x300.jpg",300,300,true],"woocommerce_single":["https:\/\/madavertehelyoa.com\/wp-content\/uploads\/2024\/11\/10-600x800.jpg",600,800,true],"woocommerce_gallery_thumbnail":["https:\/\/madavertehelyoa.com\/wp-content\/uploads\/2024\/11\/10-100x100.jpg",100,100,true]},"uagb_author_info":{"display_name":"ravaomariahelene@gmail.com","author_link":"https:\/\/madavertehelyoa.com\/en\/author\/"},"uagb_comment_info":0,"uagb_excerpt":"Utilis\u00e9 traditionnellement en cas de baisse de la d\u00e9fense immunitaire , ou d'intoxication alimentaire ou m\u00e9dicamenteuse. Aide en cas de paresse h\u00e9patique","_links":{"self":[{"href":"https:\/\/madavertehelyoa.com\/en\/wp-json\/wp\/v2\/product\/2552","targetHints":{"allow":["GET"]}}],"collection":[{"href":"https:\/\/madavertehelyoa.com\/en\/wp-json\/wp\/v2\/product"}],"about":[{"href":"https:\/\/madavertehelyoa.com\/en\/wp-json\/wp\/v2\/types\/product"}],"wp:featuredmedia":[{"embeddable":true,"href":"https:\/\/madavertehelyoa.com\/en\/wp-json\/wp\/v2\/media\/2488"}],"wp:attachment":[{"href":"https:\/\/madavertehelyoa.com\/en\/wp-json\/wp\/v2\/media?parent=2552"}],"wp:term":[{"taxonomy":"product_brand","embeddable":true,"href":"https:\/\/madavertehelyoa.com\/en\/wp-json\/wp\/v2\/product_brand?post=2552"},{"taxonomy":"product_cat","embeddable":true,"href":"https:\/\/madavertehelyoa.com\/en\/wp-json\/wp\/v2\/product_cat?post=2552"},{"taxonomy":"product_tag","embeddable":true,"href":"https:\/\/madavertehelyoa.com\/en\/wp-json\/wp\/v2\/product_tag?post=2552"}],"curies":[{"name":"wp","href":"https:\/\/api.w.org\/{rel}","templated":true}]}}