{"id":2564,"date":"2024-12-04T13:00:58","date_gmt":"2024-12-04T13:00:58","guid":{"rendered":"https:\/\/madavertehelyoa.com\/?post_type=product&#038;p=2564"},"modified":"2025-05-18T16:37:33","modified_gmt":"2025-05-18T16:37:33","slug":"poudre-de-soja-100g","status":"publish","type":"product","link":"https:\/\/madavertehelyoa.com\/en\/product\/poudre-de-soja-100g\/","title":{"rendered":"SOYA POWDER 100g"},"content":{"rendered":"<ul>\n<li>3 times more protein than egg<\/li>\n<li>2.5 times more magnesium than milk powder<\/li>\n<li>2.5 times more vitamin E than milk powder<\/li>\n<\/ul>\n<p>It strengthens the bones and protects against organ degeneration.<\/p>\n<p><strong>INDICATIONS\u00a0<\/strong><\/p>\n<p>Convalescence, deficiency, menopause<\/p>\n<p><strong>CONTRAINDICATION<\/strong><\/p>\n<p>Sensitive and allergic persons<\/p>","protected":false},"excerpt":{"rendered":"<p>Nutritional supplements rich in proteins, vitamins and minerals<\/p>","protected":false},"featured_media":2527,"template":"","meta":{"_uag_custom_page_level_css":"","site-sidebar-layout":"default","site-content-layout":"","ast-site-content-layout":"default","site-content-style":"default","site-sidebar-style":"default","ast-global-header-display":"","ast-banner-title-visibility":"","ast-main-header-display":"","ast-hfb-above-header-display":"","ast-hfb-below-header-display":"","ast-hfb-mobile-header-display":"","site-post-title":"","ast-breadcrumbs-content":"","ast-featured-img":"","footer-sml-layout":"","ast-disable-related-posts":"","theme-transparent-header-meta":"default","adv-header-id-meta":"","stick-header-meta":"","header-above-stick-meta":"","header-main-stick-meta":"","header-below-stick-meta":"","astra-migrate-meta-layouts":"set","ast-page-background-enabled":"default","ast-page-background-meta":{"desktop":{"background-color":"var(--ast-global-color-4)","background-image":"","background-repeat":"repeat","background-position":"center center","background-size":"auto","background-attachment":"scroll","background-type":"","background-media":"","overlay-type":"","overlay-color":"","overlay-opacity":"","overlay-gradient":""},"tablet":{"background-color":"","background-image":"","background-repeat":"repeat","background-position":"center center","background-size":"auto","background-attachment":"scroll","background-type":"","background-media":"","overlay-type":"","overlay-color":"","overlay-opacity":"","overlay-gradient":""},"mobile":{"background-color":"","background-image":"","background-repeat":"repeat","background-position":"center center","background-size":"auto","background-attachment":"scroll","background-type":"","background-media":"","overlay-type":"","overlay-color":"","overlay-opacity":"","overlay-gradient":""}},"ast-content-background-meta":{"desktop":{"background-color":"var(--ast-global-color-5)","background-image":"","background-repeat":"repeat","background-position":"center center","background-size":"auto","background-attachment":"scroll","background-type":"","background-media":"","overlay-type":"","overlay-color":"","overlay-opacity":"","overlay-gradient":""},"tablet":{"background-color":"var(--ast-global-color-5)","background-image":"","background-repeat":"repeat","background-position":"center center","background-size":"auto","background-attachment":"scroll","background-type":"","background-media":"","overlay-type":"","overlay-color":"","overlay-opacity":"","overlay-gradient":""},"mobile":{"background-color":"var(--ast-global-color-5)","background-image":"","background-repeat":"repeat","background-position":"center center","background-size":"auto","background-attachment":"scroll","background-type":"","background-media":"","overlay-type":"","overlay-color":"","overlay-opacity":"","overlay-gradient":""}}},"product_brand":[],"product_cat":[25],"product_tag":[],"class_list":{"0":"post-2564","1":"product","2":"type-product","3":"status-publish","4":"has-post-thumbnail","6":"product_cat-complements-alimentaires","7":"desktop-align-center","8":"tablet-align-left","9":"mobile-align-left","11":"first","12":"outofstock","13":"shipping-taxable","14":"purchasable","15":"product-type-simple"},"uagb_featured_image_src":{"full":["https:\/\/madavertehelyoa.com\/wp-content\/uploads\/2024\/11\/IMG_0186.jpg",1800,2400,false],"thumbnail":["https:\/\/madavertehelyoa.com\/wp-content\/uploads\/2024\/11\/IMG_0186-150x150.jpg",150,150,true],"medium":["https:\/\/madavertehelyoa.com\/wp-content\/uploads\/2024\/11\/IMG_0186-225x300.jpg",225,300,true],"medium_large":["https:\/\/madavertehelyoa.com\/wp-content\/uploads\/2024\/11\/IMG_0186-768x1024.jpg",768,1024,true],"large":["https:\/\/madavertehelyoa.com\/wp-content\/uploads\/2024\/11\/IMG_0186-768x1024.jpg",768,1024,true],"1536x1536":["https:\/\/madavertehelyoa.com\/wp-content\/uploads\/2024\/11\/IMG_0186-1152x1536.jpg",1152,1536,true],"2048x2048":["https:\/\/madavertehelyoa.com\/wp-content\/uploads\/2024\/11\/IMG_0186-1536x2048.jpg",1536,2048,true],"trp-custom-language-flag":["https:\/\/madavertehelyoa.com\/wp-content\/uploads\/2024\/11\/IMG_0186.jpg",9,12,false],"woocommerce_thumbnail":["https:\/\/madavertehelyoa.com\/wp-content\/uploads\/2024\/11\/IMG_0186-300x300.jpg",300,300,true],"woocommerce_single":["https:\/\/madavertehelyoa.com\/wp-content\/uploads\/2024\/11\/IMG_0186-600x800.jpg",600,800,true],"woocommerce_gallery_thumbnail":["https:\/\/madavertehelyoa.com\/wp-content\/uploads\/2024\/11\/IMG_0186-100x100.jpg",100,100,true]},"uagb_author_info":{"display_name":"ravaomariahelene@gmail.com","author_link":"https:\/\/madavertehelyoa.com\/en\/author\/"},"uagb_comment_info":0,"uagb_excerpt":"Compl\u00e9ments nutritionnel riche en prot\u00e9ines, vitamines et en sels min\u00e9raux","_links":{"self":[{"href":"https:\/\/madavertehelyoa.com\/en\/wp-json\/wp\/v2\/product\/2564","targetHints":{"allow":["GET"]}}],"collection":[{"href":"https:\/\/madavertehelyoa.com\/en\/wp-json\/wp\/v2\/product"}],"about":[{"href":"https:\/\/madavertehelyoa.com\/en\/wp-json\/wp\/v2\/types\/product"}],"wp:featuredmedia":[{"embeddable":true,"href":"https:\/\/madavertehelyoa.com\/en\/wp-json\/wp\/v2\/media\/2527"}],"wp:attachment":[{"href":"https:\/\/madavertehelyoa.com\/en\/wp-json\/wp\/v2\/media?parent=2564"}],"wp:term":[{"taxonomy":"product_brand","embeddable":true,"href":"https:\/\/madavertehelyoa.com\/en\/wp-json\/wp\/v2\/product_brand?post=2564"},{"taxonomy":"product_cat","embeddable":true,"href":"https:\/\/madavertehelyoa.com\/en\/wp-json\/wp\/v2\/product_cat?post=2564"},{"taxonomy":"product_tag","embeddable":true,"href":"https:\/\/madavertehelyoa.com\/en\/wp-json\/wp\/v2\/product_tag?post=2564"}],"curies":[{"name":"wp","href":"https:\/\/api.w.org\/{rel}","templated":true}]}}