{"id":2599,"date":"2024-12-14T15:53:14","date_gmt":"2024-12-14T15:53:14","guid":{"rendered":"https:\/\/madavertehelyoa.com\/?post_type=product&#038;p=2599"},"modified":"2025-05-18T15:19:03","modified_gmt":"2025-05-18T15:19:03","slug":"the-vert-minceur","status":"publish","type":"product","link":"https:\/\/madavertehelyoa.com\/en\/product\/the-vert-minceur\/","title":{"rendered":"THE GREEN SLIMMING"},"content":{"rendered":"<p>This infusion will help you maintain your figure and boost your weight loss. Whether as a supplement to a diet or sports programme, or to compensate for a heavy meal, this tea is made for you!<\/p>","protected":false},"excerpt":{"rendered":"<p>Helps to burn fat. Helps reduce blood sugar and lipid levels.<\/p>\n<p>20 sachets .<\/p>","protected":false},"featured_media":2600,"template":"","meta":{"_uag_custom_page_level_css":"","site-sidebar-layout":"default","site-content-layout":"","ast-site-content-layout":"default","site-content-style":"default","site-sidebar-style":"default","ast-global-header-display":"","ast-banner-title-visibility":"","ast-main-header-display":"","ast-hfb-above-header-display":"","ast-hfb-below-header-display":"","ast-hfb-mobile-header-display":"","site-post-title":"","ast-breadcrumbs-content":"","ast-featured-img":"","footer-sml-layout":"","ast-disable-related-posts":"","theme-transparent-header-meta":"default","adv-header-id-meta":"","stick-header-meta":"","header-above-stick-meta":"","header-main-stick-meta":"","header-below-stick-meta":"","astra-migrate-meta-layouts":"set","ast-page-background-enabled":"default","ast-page-background-meta":{"desktop":{"background-color":"var(--ast-global-color-4)","background-image":"","background-repeat":"repeat","background-position":"center center","background-size":"auto","background-attachment":"scroll","background-type":"","background-media":"","overlay-type":"","overlay-color":"","overlay-opacity":"","overlay-gradient":""},"tablet":{"background-color":"","background-image":"","background-repeat":"repeat","background-position":"center center","background-size":"auto","background-attachment":"scroll","background-type":"","background-media":"","overlay-type":"","overlay-color":"","overlay-opacity":"","overlay-gradient":""},"mobile":{"background-color":"","background-image":"","background-repeat":"repeat","background-position":"center center","background-size":"auto","background-attachment":"scroll","background-type":"","background-media":"","overlay-type":"","overlay-color":"","overlay-opacity":"","overlay-gradient":""}},"ast-content-background-meta":{"desktop":{"background-color":"var(--ast-global-color-5)","background-image":"","background-repeat":"repeat","background-position":"center center","background-size":"auto","background-attachment":"scroll","background-type":"","background-media":"","overlay-type":"","overlay-color":"","overlay-opacity":"","overlay-gradient":""},"tablet":{"background-color":"var(--ast-global-color-5)","background-image":"","background-repeat":"repeat","background-position":"center center","background-size":"auto","background-attachment":"scroll","background-type":"","background-media":"","overlay-type":"","overlay-color":"","overlay-opacity":"","overlay-gradient":""},"mobile":{"background-color":"var(--ast-global-color-5)","background-image":"","background-repeat":"repeat","background-position":"center center","background-size":"auto","background-attachment":"scroll","background-type":"","background-media":"","overlay-type":"","overlay-color":"","overlay-opacity":"","overlay-gradient":""}}},"product_brand":[],"product_cat":[21],"product_tag":[],"class_list":{"0":"post-2599","1":"product","2":"type-product","3":"status-publish","4":"has-post-thumbnail","6":"product_cat-the","7":"desktop-align-center","8":"tablet-align-left","9":"mobile-align-left","11":"first","12":"instock","13":"shipping-taxable","14":"purchasable","15":"product-type-simple"},"uagb_featured_image_src":{"full":["https:\/\/madavertehelyoa.com\/wp-content\/uploads\/2024\/12\/IMG_0598.jpg",2000,2000,false],"thumbnail":["https:\/\/madavertehelyoa.com\/wp-content\/uploads\/2024\/12\/IMG_0598-150x150.jpg",150,150,true],"medium":["https:\/\/madavertehelyoa.com\/wp-content\/uploads\/2024\/12\/IMG_0598-300x300.jpg",300,300,true],"medium_large":["https:\/\/madavertehelyoa.com\/wp-content\/uploads\/2024\/12\/IMG_0598-768x768.jpg",768,768,true],"large":["https:\/\/madavertehelyoa.com\/wp-content\/uploads\/2024\/12\/IMG_0598-1024x1024.jpg",1024,1024,true],"1536x1536":["https:\/\/madavertehelyoa.com\/wp-content\/uploads\/2024\/12\/IMG_0598-1536x1536.jpg",1536,1536,true],"2048x2048":["https:\/\/madavertehelyoa.com\/wp-content\/uploads\/2024\/12\/IMG_0598.jpg",2000,2000,false],"trp-custom-language-flag":["https:\/\/madavertehelyoa.com\/wp-content\/uploads\/2024\/12\/IMG_0598.jpg",12,12,false],"woocommerce_thumbnail":["https:\/\/madavertehelyoa.com\/wp-content\/uploads\/2024\/12\/IMG_0598-300x300.jpg",300,300,true],"woocommerce_single":["https:\/\/madavertehelyoa.com\/wp-content\/uploads\/2024\/12\/IMG_0598-600x600.jpg",600,600,true],"woocommerce_gallery_thumbnail":["https:\/\/madavertehelyoa.com\/wp-content\/uploads\/2024\/12\/IMG_0598-100x100.jpg",100,100,true]},"uagb_author_info":{"display_name":"ravaomariahelene@gmail.com","author_link":"https:\/\/madavertehelyoa.com\/en\/author\/"},"uagb_comment_info":0,"uagb_excerpt":"Contribue \u00e0 br\u00fbler les graisses. Favorise la r\u00e9duction du taux de sucre et de lipide dans le sang. 20 sachets .","_links":{"self":[{"href":"https:\/\/madavertehelyoa.com\/en\/wp-json\/wp\/v2\/product\/2599","targetHints":{"allow":["GET"]}}],"collection":[{"href":"https:\/\/madavertehelyoa.com\/en\/wp-json\/wp\/v2\/product"}],"about":[{"href":"https:\/\/madavertehelyoa.com\/en\/wp-json\/wp\/v2\/types\/product"}],"wp:featuredmedia":[{"embeddable":true,"href":"https:\/\/madavertehelyoa.com\/en\/wp-json\/wp\/v2\/media\/2600"}],"wp:attachment":[{"href":"https:\/\/madavertehelyoa.com\/en\/wp-json\/wp\/v2\/media?parent=2599"}],"wp:term":[{"taxonomy":"product_brand","embeddable":true,"href":"https:\/\/madavertehelyoa.com\/en\/wp-json\/wp\/v2\/product_brand?post=2599"},{"taxonomy":"product_cat","embeddable":true,"href":"https:\/\/madavertehelyoa.com\/en\/wp-json\/wp\/v2\/product_cat?post=2599"},{"taxonomy":"product_tag","embeddable":true,"href":"https:\/\/madavertehelyoa.com\/en\/wp-json\/wp\/v2\/product_tag?post=2599"}],"curies":[{"name":"wp","href":"https:\/\/api.w.org\/{rel}","templated":true}]}}