{"id":2614,"date":"2024-12-14T17:02:47","date_gmt":"2024-12-14T17:02:47","guid":{"rendered":"https:\/\/madavertehelyoa.com\/?post_type=product&#038;p=2614"},"modified":"2025-02-15T13:41:31","modified_gmt":"2025-02-15T13:41:31","slug":"gamme-masonjoany-anti-taches-eclaircissant","status":"publish","type":"product","link":"https:\/\/madavertehelyoa.com\/en\/product\/gamme-masonjoany-anti-taches-eclaircissant\/","title":{"rendered":"MASONJOANY ANTI-SPOT BRIGHTENING RANGE"},"content":{"rendered":"<p>Masonjoany (Sandalwood from Madagascar), with its traditional and recognised virtues, reduces brown spots, fine lines and acne. It lightens the complexion and provides sun protection.<\/p>\n<p><strong>Masonjoany Radiance Anti-Spot Brightening Cream<\/strong> Moisturises and restores radiance to the skin<\/p>\n<p><strong>Masonjoany Cleansing Milk<\/strong> Gently cleanses the face and neck. Removes impurities and make-up from the skin.<\/p>\n<p><strong>Masonjoany Cleansing Lotion<\/strong> completes the action of cleansing milk and gently cleanses the skin<\/p>","protected":false},"excerpt":{"rendered":"<p>Complete Anti-Spot Lightening range<\/p>\n<p>Cream 40ml<\/p>\n<p>Cleansing Lotion 150ml<\/p>\n<p>Cleansing milk 150ml<\/p>","protected":false},"featured_media":2615,"template":"","meta":{"_uag_custom_page_level_css":"","site-sidebar-layout":"default","site-content-layout":"","ast-site-content-layout":"default","site-content-style":"default","site-sidebar-style":"default","ast-global-header-display":"","ast-banner-title-visibility":"","ast-main-header-display":"","ast-hfb-above-header-display":"","ast-hfb-below-header-display":"","ast-hfb-mobile-header-display":"","site-post-title":"","ast-breadcrumbs-content":"","ast-featured-img":"","footer-sml-layout":"","ast-disable-related-posts":"","theme-transparent-header-meta":"default","adv-header-id-meta":"","stick-header-meta":"","header-above-stick-meta":"","header-main-stick-meta":"","header-below-stick-meta":"","astra-migrate-meta-layouts":"set","ast-page-background-enabled":"default","ast-page-background-meta":{"desktop":{"background-color":"var(--ast-global-color-4)","background-image":"","background-repeat":"repeat","background-position":"center center","background-size":"auto","background-attachment":"scroll","background-type":"","background-media":"","overlay-type":"","overlay-color":"","overlay-opacity":"","overlay-gradient":""},"tablet":{"background-color":"","background-image":"","background-repeat":"repeat","background-position":"center center","background-size":"auto","background-attachment":"scroll","background-type":"","background-media":"","overlay-type":"","overlay-color":"","overlay-opacity":"","overlay-gradient":""},"mobile":{"background-color":"","background-image":"","background-repeat":"repeat","background-position":"center center","background-size":"auto","background-attachment":"scroll","background-type":"","background-media":"","overlay-type":"","overlay-color":"","overlay-opacity":"","overlay-gradient":""}},"ast-content-background-meta":{"desktop":{"background-color":"var(--ast-global-color-5)","background-image":"","background-repeat":"repeat","background-position":"center center","background-size":"auto","background-attachment":"scroll","background-type":"","background-media":"","overlay-type":"","overlay-color":"","overlay-opacity":"","overlay-gradient":""},"tablet":{"background-color":"var(--ast-global-color-5)","background-image":"","background-repeat":"repeat","background-position":"center center","background-size":"auto","background-attachment":"scroll","background-type":"","background-media":"","overlay-type":"","overlay-color":"","overlay-opacity":"","overlay-gradient":""},"mobile":{"background-color":"var(--ast-global-color-5)","background-image":"","background-repeat":"repeat","background-position":"center center","background-size":"auto","background-attachment":"scroll","background-type":"","background-media":"","overlay-type":"","overlay-color":"","overlay-opacity":"","overlay-gradient":""}}},"product_brand":[],"product_cat":[37],"product_tag":[],"class_list":{"0":"post-2614","1":"product","2":"type-product","3":"status-publish","4":"has-post-thumbnail","6":"product_cat-cosmetiques","7":"desktop-align-center","8":"tablet-align-left","9":"mobile-align-left","11":"first","12":"outofstock","13":"shipping-taxable","14":"purchasable","15":"product-type-simple"},"uagb_featured_image_src":{"full":["https:\/\/madavertehelyoa.com\/wp-content\/uploads\/2024\/12\/IMG_0587.jpg",1080,1080,false],"thumbnail":["https:\/\/madavertehelyoa.com\/wp-content\/uploads\/2024\/12\/IMG_0587-150x150.jpg",150,150,true],"medium":["https:\/\/madavertehelyoa.com\/wp-content\/uploads\/2024\/12\/IMG_0587-300x300.jpg",300,300,true],"medium_large":["https:\/\/madavertehelyoa.com\/wp-content\/uploads\/2024\/12\/IMG_0587-768x768.jpg",768,768,true],"large":["https:\/\/madavertehelyoa.com\/wp-content\/uploads\/2024\/12\/IMG_0587-1024x1024.jpg",1024,1024,true],"1536x1536":["https:\/\/madavertehelyoa.com\/wp-content\/uploads\/2024\/12\/IMG_0587.jpg",1080,1080,false],"2048x2048":["https:\/\/madavertehelyoa.com\/wp-content\/uploads\/2024\/12\/IMG_0587.jpg",1080,1080,false],"trp-custom-language-flag":["https:\/\/madavertehelyoa.com\/wp-content\/uploads\/2024\/12\/IMG_0587.jpg",12,12,false],"woocommerce_thumbnail":["https:\/\/madavertehelyoa.com\/wp-content\/uploads\/2024\/12\/IMG_0587-300x300.jpg",300,300,true],"woocommerce_single":["https:\/\/madavertehelyoa.com\/wp-content\/uploads\/2024\/12\/IMG_0587-600x600.jpg",600,600,true],"woocommerce_gallery_thumbnail":["https:\/\/madavertehelyoa.com\/wp-content\/uploads\/2024\/12\/IMG_0587-100x100.jpg",100,100,true]},"uagb_author_info":{"display_name":"ravaomariahelene@gmail.com","author_link":"https:\/\/madavertehelyoa.com\/en\/author\/"},"uagb_comment_info":0,"uagb_excerpt":"Gamme compl\u00e8te Anti T\u00e2che Eclaircissant Cr\u00e8me 40ml Lotion Nettoyante 150ml Lait d\u00e9maquillant 150ml","_links":{"self":[{"href":"https:\/\/madavertehelyoa.com\/en\/wp-json\/wp\/v2\/product\/2614","targetHints":{"allow":["GET"]}}],"collection":[{"href":"https:\/\/madavertehelyoa.com\/en\/wp-json\/wp\/v2\/product"}],"about":[{"href":"https:\/\/madavertehelyoa.com\/en\/wp-json\/wp\/v2\/types\/product"}],"wp:featuredmedia":[{"embeddable":true,"href":"https:\/\/madavertehelyoa.com\/en\/wp-json\/wp\/v2\/media\/2615"}],"wp:attachment":[{"href":"https:\/\/madavertehelyoa.com\/en\/wp-json\/wp\/v2\/media?parent=2614"}],"wp:term":[{"taxonomy":"product_brand","embeddable":true,"href":"https:\/\/madavertehelyoa.com\/en\/wp-json\/wp\/v2\/product_brand?post=2614"},{"taxonomy":"product_cat","embeddable":true,"href":"https:\/\/madavertehelyoa.com\/en\/wp-json\/wp\/v2\/product_cat?post=2614"},{"taxonomy":"product_tag","embeddable":true,"href":"https:\/\/madavertehelyoa.com\/en\/wp-json\/wp\/v2\/product_tag?post=2614"}],"curies":[{"name":"wp","href":"https:\/\/api.w.org\/{rel}","templated":true}]}}