{"id":2992,"date":"2025-05-20T17:12:17","date_gmt":"2025-05-20T17:12:17","guid":{"rendered":"https:\/\/madavertehelyoa.com\/?post_type=product&#038;p=2992"},"modified":"2025-11-22T06:11:43","modified_gmt":"2025-11-22T06:11:43","slug":"katrafay-naturo-flora","status":"publish","type":"product","link":"https:\/\/madavertehelyoa.com\/en\/product\/katrafay-naturo-flora\/","title":{"rendered":"KATRAFAY - NATURO Flora"},"content":{"rendered":"<p><strong>USE ADVICE\u00a0<\/strong><\/p>\n<ol>\n<li><strong>INFUSION<\/strong> Boil some water and add a few pieces of Katrafay bark. Leave to infuse for 10 to 15 minutes, then strain and enjoy.<\/li>\n<li><strong>DECOCTION<\/strong> Boil the bark for 30 minutes. This extracts more of the active ingredient (PA). You can then use this decoction for external applications or as a drink.<\/li>\n<li><strong>TOPICAL APPLICATION<\/strong> Cataplasm: infuse the bark in hot water, then soak a clean cloth and apply to the affected area.<\/li>\n<li><strong>AROMATHERAPY :<\/strong>\u00a0 You can use the bark in a diffuser.<\/li>\n<\/ol>","protected":false},"excerpt":{"rendered":"<p>Dried Katrafay bark is often used for its medicinal and aromatic properties.<\/p>\n<p>10g<\/p>","protected":false},"featured_media":2987,"template":"","meta":{"_uag_custom_page_level_css":"","site-sidebar-layout":"default","site-content-layout":"","ast-site-content-layout":"default","site-content-style":"default","site-sidebar-style":"default","ast-global-header-display":"","ast-banner-title-visibility":"","ast-main-header-display":"","ast-hfb-above-header-display":"","ast-hfb-below-header-display":"","ast-hfb-mobile-header-display":"","site-post-title":"","ast-breadcrumbs-content":"","ast-featured-img":"","footer-sml-layout":"","ast-disable-related-posts":"","theme-transparent-header-meta":"default","adv-header-id-meta":"","stick-header-meta":"","header-above-stick-meta":"","header-main-stick-meta":"","header-below-stick-meta":"","astra-migrate-meta-layouts":"set","ast-page-background-enabled":"default","ast-page-background-meta":{"desktop":{"background-color":"var(--ast-global-color-4)","background-image":"","background-repeat":"repeat","background-position":"center center","background-size":"auto","background-attachment":"scroll","background-type":"","background-media":"","overlay-type":"","overlay-color":"","overlay-opacity":"","overlay-gradient":""},"tablet":{"background-color":"","background-image":"","background-repeat":"repeat","background-position":"center center","background-size":"auto","background-attachment":"scroll","background-type":"","background-media":"","overlay-type":"","overlay-color":"","overlay-opacity":"","overlay-gradient":""},"mobile":{"background-color":"","background-image":"","background-repeat":"repeat","background-position":"center center","background-size":"auto","background-attachment":"scroll","background-type":"","background-media":"","overlay-type":"","overlay-color":"","overlay-opacity":"","overlay-gradient":""}},"ast-content-background-meta":{"desktop":{"background-color":"var(--ast-global-color-5)","background-image":"","background-repeat":"repeat","background-position":"center center","background-size":"auto","background-attachment":"scroll","background-type":"","background-media":"","overlay-type":"","overlay-color":"","overlay-opacity":"","overlay-gradient":""},"tablet":{"background-color":"var(--ast-global-color-5)","background-image":"","background-repeat":"repeat","background-position":"center center","background-size":"auto","background-attachment":"scroll","background-type":"","background-media":"","overlay-type":"","overlay-color":"","overlay-opacity":"","overlay-gradient":""},"mobile":{"background-color":"var(--ast-global-color-5)","background-image":"","background-repeat":"repeat","background-position":"center center","background-size":"auto","background-attachment":"scroll","background-type":"","background-media":"","overlay-type":"","overlay-color":"","overlay-opacity":"","overlay-gradient":""}}},"product_brand":[],"product_cat":[51,46],"product_tag":[],"class_list":{"0":"post-2992","1":"product","2":"type-product","3":"status-publish","4":"has-post-thumbnail","6":"product_cat-plantes-medicinales","7":"product_cat-thes-medicinals-phyto","8":"desktop-align-center","9":"tablet-align-left","10":"mobile-align-left","12":"first","13":"instock","14":"shipping-taxable","15":"purchasable","16":"product-type-simple"},"uagb_featured_image_src":{"full":["https:\/\/madavertehelyoa.com\/wp-content\/uploads\/2025\/05\/WhatsApp-Image-2025-05-20-a-18.38.28_e9ab2a84.jpg",1200,1600,false],"thumbnail":["https:\/\/madavertehelyoa.com\/wp-content\/uploads\/2025\/05\/WhatsApp-Image-2025-05-20-a-18.38.28_e9ab2a84-150x150.jpg",150,150,true],"medium":["https:\/\/madavertehelyoa.com\/wp-content\/uploads\/2025\/05\/WhatsApp-Image-2025-05-20-a-18.38.28_e9ab2a84-225x300.jpg",225,300,true],"medium_large":["https:\/\/madavertehelyoa.com\/wp-content\/uploads\/2025\/05\/WhatsApp-Image-2025-05-20-a-18.38.28_e9ab2a84-768x1024.jpg",768,1024,true],"large":["https:\/\/madavertehelyoa.com\/wp-content\/uploads\/2025\/05\/WhatsApp-Image-2025-05-20-a-18.38.28_e9ab2a84-768x1024.jpg",768,1024,true],"1536x1536":["https:\/\/madavertehelyoa.com\/wp-content\/uploads\/2025\/05\/WhatsApp-Image-2025-05-20-a-18.38.28_e9ab2a84-1152x1536.jpg",1152,1536,true],"2048x2048":["https:\/\/madavertehelyoa.com\/wp-content\/uploads\/2025\/05\/WhatsApp-Image-2025-05-20-a-18.38.28_e9ab2a84.jpg",1200,1600,false],"trp-custom-language-flag":["https:\/\/madavertehelyoa.com\/wp-content\/uploads\/2025\/05\/WhatsApp-Image-2025-05-20-a-18.38.28_e9ab2a84-9x12.jpg",9,12,true],"woocommerce_thumbnail":["https:\/\/madavertehelyoa.com\/wp-content\/uploads\/2025\/05\/WhatsApp-Image-2025-05-20-a-18.38.28_e9ab2a84-300x300.jpg",300,300,true],"woocommerce_single":["https:\/\/madavertehelyoa.com\/wp-content\/uploads\/2025\/05\/WhatsApp-Image-2025-05-20-a-18.38.28_e9ab2a84-600x800.jpg",600,800,true],"woocommerce_gallery_thumbnail":["https:\/\/madavertehelyoa.com\/wp-content\/uploads\/2025\/05\/WhatsApp-Image-2025-05-20-a-18.38.28_e9ab2a84-100x100.jpg",100,100,true]},"uagb_author_info":{"display_name":"ravaomariahelene@gmail.com","author_link":"https:\/\/madavertehelyoa.com\/en\/author\/"},"uagb_comment_info":0,"uagb_excerpt":"L'\u00e9corce de Katrafay s\u00e9ch\u00e9e est souvent utilis\u00e9e pour ses propri\u00e9t\u00e9s m\u00e9dicinales et aromatiques. 10g","_links":{"self":[{"href":"https:\/\/madavertehelyoa.com\/en\/wp-json\/wp\/v2\/product\/2992","targetHints":{"allow":["GET"]}}],"collection":[{"href":"https:\/\/madavertehelyoa.com\/en\/wp-json\/wp\/v2\/product"}],"about":[{"href":"https:\/\/madavertehelyoa.com\/en\/wp-json\/wp\/v2\/types\/product"}],"wp:featuredmedia":[{"embeddable":true,"href":"https:\/\/madavertehelyoa.com\/en\/wp-json\/wp\/v2\/media\/2987"}],"wp:attachment":[{"href":"https:\/\/madavertehelyoa.com\/en\/wp-json\/wp\/v2\/media?parent=2992"}],"wp:term":[{"taxonomy":"product_brand","embeddable":true,"href":"https:\/\/madavertehelyoa.com\/en\/wp-json\/wp\/v2\/product_brand?post=2992"},{"taxonomy":"product_cat","embeddable":true,"href":"https:\/\/madavertehelyoa.com\/en\/wp-json\/wp\/v2\/product_cat?post=2992"},{"taxonomy":"product_tag","embeddable":true,"href":"https:\/\/madavertehelyoa.com\/en\/wp-json\/wp\/v2\/product_tag?post=2992"}],"curies":[{"name":"wp","href":"https:\/\/api.w.org\/{rel}","templated":true}]}}