{"id":3037,"date":"2025-05-21T12:17:16","date_gmt":"2025-05-21T12:17:16","guid":{"rendered":"https:\/\/madavertehelyoa.com\/?post_type=product&#038;p=3037"},"modified":"2025-11-22T06:09:38","modified_gmt":"2025-11-22T06:09:38","slug":"spiruline-gelules","status":"publish","type":"product","link":"https:\/\/madavertehelyoa.com\/en\/product\/spiruline-gelules\/","title":{"rendered":"Spirulina Capsules"},"content":{"rendered":"<p>- Boosts the body's immune defences<br \/>\n- Helps you recover after sport<br \/>\n- Ideal for convalescence <\/p>\n<p>USE ADVICE <\/strong><\/p>\n<p>To be taken with a large glass of water at mealtimes.<br \/>\n20-day cure <\/p>\n<p>3 times a day Morning Noon Evening <\/p>","protected":false},"excerpt":{"rendered":"<p>Low in calories, spirulina contains 55% to 70% of protein, an excellent quality in proportion of amino acids with optimal digestibility. It is an excellent source of zinc, iron, omega 6 fatty acids and antioxidants.<\/p>\n<p>20 capsules <\/p>","protected":false},"featured_media":3029,"template":"","meta":{"_uag_custom_page_level_css":"","site-sidebar-layout":"default","site-content-layout":"","ast-site-content-layout":"default","site-content-style":"default","site-sidebar-style":"default","ast-global-header-display":"","ast-banner-title-visibility":"","ast-main-header-display":"","ast-hfb-above-header-display":"","ast-hfb-below-header-display":"","ast-hfb-mobile-header-display":"","site-post-title":"","ast-breadcrumbs-content":"","ast-featured-img":"","footer-sml-layout":"","ast-disable-related-posts":"","theme-transparent-header-meta":"default","adv-header-id-meta":"","stick-header-meta":"","header-above-stick-meta":"","header-main-stick-meta":"","header-below-stick-meta":"","astra-migrate-meta-layouts":"set","ast-page-background-enabled":"default","ast-page-background-meta":{"desktop":{"background-color":"var(--ast-global-color-4)","background-image":"","background-repeat":"repeat","background-position":"center center","background-size":"auto","background-attachment":"scroll","background-type":"","background-media":"","overlay-type":"","overlay-color":"","overlay-opacity":"","overlay-gradient":""},"tablet":{"background-color":"","background-image":"","background-repeat":"repeat","background-position":"center center","background-size":"auto","background-attachment":"scroll","background-type":"","background-media":"","overlay-type":"","overlay-color":"","overlay-opacity":"","overlay-gradient":""},"mobile":{"background-color":"","background-image":"","background-repeat":"repeat","background-position":"center center","background-size":"auto","background-attachment":"scroll","background-type":"","background-media":"","overlay-type":"","overlay-color":"","overlay-opacity":"","overlay-gradient":""}},"ast-content-background-meta":{"desktop":{"background-color":"var(--ast-global-color-5)","background-image":"","background-repeat":"repeat","background-position":"center center","background-size":"auto","background-attachment":"scroll","background-type":"","background-media":"","overlay-type":"","overlay-color":"","overlay-opacity":"","overlay-gradient":""},"tablet":{"background-color":"var(--ast-global-color-5)","background-image":"","background-repeat":"repeat","background-position":"center center","background-size":"auto","background-attachment":"scroll","background-type":"","background-media":"","overlay-type":"","overlay-color":"","overlay-opacity":"","overlay-gradient":""},"mobile":{"background-color":"var(--ast-global-color-5)","background-image":"","background-repeat":"repeat","background-position":"center center","background-size":"auto","background-attachment":"scroll","background-type":"","background-media":"","overlay-type":"","overlay-color":"","overlay-opacity":"","overlay-gradient":""}}},"product_brand":[],"product_cat":[25],"product_tag":[],"class_list":{"0":"post-3037","1":"product","2":"type-product","3":"status-publish","4":"has-post-thumbnail","6":"product_cat-complements-alimentaires","7":"desktop-align-center","8":"tablet-align-left","9":"mobile-align-left","11":"first","12":"outofstock","13":"shipping-taxable","14":"purchasable","15":"product-type-simple"},"uagb_featured_image_src":{"full":["https:\/\/madavertehelyoa.com\/wp-content\/uploads\/2025\/05\/WhatsApp-Image-2025-05-21-a-13.43.29_281a64a2.jpg",1200,1600,false],"thumbnail":["https:\/\/madavertehelyoa.com\/wp-content\/uploads\/2025\/05\/WhatsApp-Image-2025-05-21-a-13.43.29_281a64a2-150x150.jpg",150,150,true],"medium":["https:\/\/madavertehelyoa.com\/wp-content\/uploads\/2025\/05\/WhatsApp-Image-2025-05-21-a-13.43.29_281a64a2-225x300.jpg",225,300,true],"medium_large":["https:\/\/madavertehelyoa.com\/wp-content\/uploads\/2025\/05\/WhatsApp-Image-2025-05-21-a-13.43.29_281a64a2-768x1024.jpg",768,1024,true],"large":["https:\/\/madavertehelyoa.com\/wp-content\/uploads\/2025\/05\/WhatsApp-Image-2025-05-21-a-13.43.29_281a64a2-768x1024.jpg",768,1024,true],"1536x1536":["https:\/\/madavertehelyoa.com\/wp-content\/uploads\/2025\/05\/WhatsApp-Image-2025-05-21-a-13.43.29_281a64a2-1152x1536.jpg",1152,1536,true],"2048x2048":["https:\/\/madavertehelyoa.com\/wp-content\/uploads\/2025\/05\/WhatsApp-Image-2025-05-21-a-13.43.29_281a64a2.jpg",1200,1600,false],"trp-custom-language-flag":["https:\/\/madavertehelyoa.com\/wp-content\/uploads\/2025\/05\/WhatsApp-Image-2025-05-21-a-13.43.29_281a64a2-9x12.jpg",9,12,true],"woocommerce_thumbnail":["https:\/\/madavertehelyoa.com\/wp-content\/uploads\/2025\/05\/WhatsApp-Image-2025-05-21-a-13.43.29_281a64a2-300x300.jpg",300,300,true],"woocommerce_single":["https:\/\/madavertehelyoa.com\/wp-content\/uploads\/2025\/05\/WhatsApp-Image-2025-05-21-a-13.43.29_281a64a2-600x800.jpg",600,800,true],"woocommerce_gallery_thumbnail":["https:\/\/madavertehelyoa.com\/wp-content\/uploads\/2025\/05\/WhatsApp-Image-2025-05-21-a-13.43.29_281a64a2-100x100.jpg",100,100,true]},"uagb_author_info":{"display_name":"ravaomariahelene@gmail.com","author_link":"https:\/\/madavertehelyoa.com\/en\/author\/"},"uagb_comment_info":0,"uagb_excerpt":"Faible en calorie , la spiruline contient 55% \u00e0 70% de prot\u00e9ines, une excellente qualit\u00e9 en proportion d'acides amin\u00e9s avec une digestibilit\u00e9 optimale. Elle contient une excellente source de zinc , de fer, d'acides gras de la famille des om\u00e9ga 6 et d'antioxydants. 20 g\u00e9lules","_links":{"self":[{"href":"https:\/\/madavertehelyoa.com\/en\/wp-json\/wp\/v2\/product\/3037","targetHints":{"allow":["GET"]}}],"collection":[{"href":"https:\/\/madavertehelyoa.com\/en\/wp-json\/wp\/v2\/product"}],"about":[{"href":"https:\/\/madavertehelyoa.com\/en\/wp-json\/wp\/v2\/types\/product"}],"wp:featuredmedia":[{"embeddable":true,"href":"https:\/\/madavertehelyoa.com\/en\/wp-json\/wp\/v2\/media\/3029"}],"wp:attachment":[{"href":"https:\/\/madavertehelyoa.com\/en\/wp-json\/wp\/v2\/media?parent=3037"}],"wp:term":[{"taxonomy":"product_brand","embeddable":true,"href":"https:\/\/madavertehelyoa.com\/en\/wp-json\/wp\/v2\/product_brand?post=3037"},{"taxonomy":"product_cat","embeddable":true,"href":"https:\/\/madavertehelyoa.com\/en\/wp-json\/wp\/v2\/product_cat?post=3037"},{"taxonomy":"product_tag","embeddable":true,"href":"https:\/\/madavertehelyoa.com\/en\/wp-json\/wp\/v2\/product_tag?post=3037"}],"curies":[{"name":"wp","href":"https:\/\/api.w.org\/{rel}","templated":true}]}}