{"id":3076,"date":"2025-05-23T17:12:32","date_gmt":"2025-05-23T17:12:32","guid":{"rendered":"https:\/\/madavertehelyoa.com\/?post_type=product&#038;p=3076"},"modified":"2025-11-22T06:07:52","modified_gmt":"2025-11-22T06:07:52","slug":"tanjake","status":"publish","type":"product","link":"https:\/\/madavertehelyoa.com\/en\/product\/tanjake\/","title":{"rendered":"TANJAKE"},"content":{"rendered":"<p>- Immune system stimulator (Honey , Vahona)<br \/>\n- Blood pressure regulator (Baobab, Vahona)<br \/>\nEnergising during convalescence and contributing to physical and mental well-being <\/p>\n<p><strong>COMPOSITION <\/strong><br \/>\nHoney (carbohydrates, vitamins, minerals)<br \/>\nVahona (vitamins, minerals, polysaccharides)<br \/>\nBaobab (vitamins and minerals) <\/p>\n<p><strong>USE ADVICE<\/strong><br \/>\n- 1 teaspoon before breakfast each day<br \/>\n- 1 sachet for 10 days in the event of a general deterioration in health <\/p>\n<p><strong>PRECAUTIONS FOR USE <\/strong><br \/>\n- If you have diabetes, keep a close eye on your glucose levels while taking the drug. <\/p>\n<p>A course of TANJAKE should be taken as part of a healthy, varied diet.<br \/>\nDo not exceed the recommended daily portion <\/p>","protected":false},"excerpt":{"rendered":"<p>A dietary supplement rich in vitamins and minerals.<br \/>\nEnergises and promotes physical and mental well-being.<\/p>","protected":false},"featured_media":3046,"template":"","meta":{"_uag_custom_page_level_css":"","site-sidebar-layout":"default","site-content-layout":"","ast-site-content-layout":"default","site-content-style":"default","site-sidebar-style":"default","ast-global-header-display":"","ast-banner-title-visibility":"","ast-main-header-display":"","ast-hfb-above-header-display":"","ast-hfb-below-header-display":"","ast-hfb-mobile-header-display":"","site-post-title":"","ast-breadcrumbs-content":"","ast-featured-img":"","footer-sml-layout":"","ast-disable-related-posts":"","theme-transparent-header-meta":"default","adv-header-id-meta":"","stick-header-meta":"","header-above-stick-meta":"","header-main-stick-meta":"","header-below-stick-meta":"","astra-migrate-meta-layouts":"set","ast-page-background-enabled":"default","ast-page-background-meta":{"desktop":{"background-color":"var(--ast-global-color-4)","background-image":"","background-repeat":"repeat","background-position":"center center","background-size":"auto","background-attachment":"scroll","background-type":"","background-media":"","overlay-type":"","overlay-color":"","overlay-opacity":"","overlay-gradient":""},"tablet":{"background-color":"","background-image":"","background-repeat":"repeat","background-position":"center center","background-size":"auto","background-attachment":"scroll","background-type":"","background-media":"","overlay-type":"","overlay-color":"","overlay-opacity":"","overlay-gradient":""},"mobile":{"background-color":"","background-image":"","background-repeat":"repeat","background-position":"center center","background-size":"auto","background-attachment":"scroll","background-type":"","background-media":"","overlay-type":"","overlay-color":"","overlay-opacity":"","overlay-gradient":""}},"ast-content-background-meta":{"desktop":{"background-color":"var(--ast-global-color-5)","background-image":"","background-repeat":"repeat","background-position":"center center","background-size":"auto","background-attachment":"scroll","background-type":"","background-media":"","overlay-type":"","overlay-color":"","overlay-opacity":"","overlay-gradient":""},"tablet":{"background-color":"var(--ast-global-color-5)","background-image":"","background-repeat":"repeat","background-position":"center center","background-size":"auto","background-attachment":"scroll","background-type":"","background-media":"","overlay-type":"","overlay-color":"","overlay-opacity":"","overlay-gradient":""},"mobile":{"background-color":"var(--ast-global-color-5)","background-image":"","background-repeat":"repeat","background-position":"center center","background-size":"auto","background-attachment":"scroll","background-type":"","background-media":"","overlay-type":"","overlay-color":"","overlay-opacity":"","overlay-gradient":""}}},"product_brand":[],"product_cat":[25],"product_tag":[],"class_list":{"0":"post-3076","1":"product","2":"type-product","3":"status-publish","4":"has-post-thumbnail","6":"product_cat-complements-alimentaires","7":"desktop-align-center","8":"tablet-align-left","9":"mobile-align-left","11":"first","12":"outofstock","13":"shipping-taxable","14":"purchasable","15":"product-type-simple"},"uagb_featured_image_src":{"full":["https:\/\/madavertehelyoa.com\/wp-content\/uploads\/2025\/05\/WhatsApp-Image-2025-05-22-a-18.51.38_5e8fb8c1.jpg",1536,2048,false],"thumbnail":["https:\/\/madavertehelyoa.com\/wp-content\/uploads\/2025\/05\/WhatsApp-Image-2025-05-22-a-18.51.38_5e8fb8c1-150x150.jpg",150,150,true],"medium":["https:\/\/madavertehelyoa.com\/wp-content\/uploads\/2025\/05\/WhatsApp-Image-2025-05-22-a-18.51.38_5e8fb8c1-225x300.jpg",225,300,true],"medium_large":["https:\/\/madavertehelyoa.com\/wp-content\/uploads\/2025\/05\/WhatsApp-Image-2025-05-22-a-18.51.38_5e8fb8c1-768x1024.jpg",768,1024,true],"large":["https:\/\/madavertehelyoa.com\/wp-content\/uploads\/2025\/05\/WhatsApp-Image-2025-05-22-a-18.51.38_5e8fb8c1-768x1024.jpg",768,1024,true],"1536x1536":["https:\/\/madavertehelyoa.com\/wp-content\/uploads\/2025\/05\/WhatsApp-Image-2025-05-22-a-18.51.38_5e8fb8c1-1152x1536.jpg",1152,1536,true],"2048x2048":["https:\/\/madavertehelyoa.com\/wp-content\/uploads\/2025\/05\/WhatsApp-Image-2025-05-22-a-18.51.38_5e8fb8c1.jpg",1536,2048,false],"trp-custom-language-flag":["https:\/\/madavertehelyoa.com\/wp-content\/uploads\/2025\/05\/WhatsApp-Image-2025-05-22-a-18.51.38_5e8fb8c1-9x12.jpg",9,12,true],"woocommerce_thumbnail":["https:\/\/madavertehelyoa.com\/wp-content\/uploads\/2025\/05\/WhatsApp-Image-2025-05-22-a-18.51.38_5e8fb8c1-300x300.jpg",300,300,true],"woocommerce_single":["https:\/\/madavertehelyoa.com\/wp-content\/uploads\/2025\/05\/WhatsApp-Image-2025-05-22-a-18.51.38_5e8fb8c1-600x800.jpg",600,800,true],"woocommerce_gallery_thumbnail":["https:\/\/madavertehelyoa.com\/wp-content\/uploads\/2025\/05\/WhatsApp-Image-2025-05-22-a-18.51.38_5e8fb8c1-100x100.jpg",100,100,true]},"uagb_author_info":{"display_name":"ravaomariahelene@gmail.com","author_link":"https:\/\/madavertehelyoa.com\/en\/author\/"},"uagb_comment_info":0,"uagb_excerpt":"Compl\u00e9ment alimentaire riche en vitamines et min\u00e9raux . Energisant et activateur de bien-\u00eatre physique et mental.","_links":{"self":[{"href":"https:\/\/madavertehelyoa.com\/en\/wp-json\/wp\/v2\/product\/3076","targetHints":{"allow":["GET"]}}],"collection":[{"href":"https:\/\/madavertehelyoa.com\/en\/wp-json\/wp\/v2\/product"}],"about":[{"href":"https:\/\/madavertehelyoa.com\/en\/wp-json\/wp\/v2\/types\/product"}],"wp:featuredmedia":[{"embeddable":true,"href":"https:\/\/madavertehelyoa.com\/en\/wp-json\/wp\/v2\/media\/3046"}],"wp:attachment":[{"href":"https:\/\/madavertehelyoa.com\/en\/wp-json\/wp\/v2\/media?parent=3076"}],"wp:term":[{"taxonomy":"product_brand","embeddable":true,"href":"https:\/\/madavertehelyoa.com\/en\/wp-json\/wp\/v2\/product_brand?post=3076"},{"taxonomy":"product_cat","embeddable":true,"href":"https:\/\/madavertehelyoa.com\/en\/wp-json\/wp\/v2\/product_cat?post=3076"},{"taxonomy":"product_tag","embeddable":true,"href":"https:\/\/madavertehelyoa.com\/en\/wp-json\/wp\/v2\/product_tag?post=3076"}],"curies":[{"name":"wp","href":"https:\/\/api.w.org\/{rel}","templated":true}]}}