{"id":3079,"date":"2025-05-24T14:27:26","date_gmt":"2025-05-24T14:27:26","guid":{"rendered":"https:\/\/madavertehelyoa.com\/?post_type=product&#038;p=3079"},"modified":"2025-05-24T14:28:05","modified_gmt":"2025-05-24T14:28:05","slug":"fanazava-infusions","status":"publish","type":"product","link":"https:\/\/madavertehelyoa.com\/en\/product\/fanazava-infusions\/","title":{"rendered":"FANAZAVA INFUSIONS"},"content":{"rendered":"<p><strong>INSTRUCTIONS FOR USE <\/strong><br \/>\nOne teabag in 1.5 litres of boiling water for 10 minutes<br \/>\nDrink several times a day<br \/>\nRepeat the preparation every day<br \/>\nCure of 1 to 2 boxes according to the doctor's advice <\/p>\n<p><strong>CONTRAINDICATION <\/strong><br \/>\nPregnant or breastfeeding women , hypokalaemia <\/p>\n<p><strong>TAKING OR USING OTHER MEDICINES<\/strong><br \/>\nNo adverse reactions observed from the product and drug interactions to date <\/p>\n<p><strong>WARNINGS AND PRECAUTIONS FOR USE <\/strong><br \/>\nIt is recommended to eat one banana a day during treatment, except in cases of diabetes.<br \/>\nBland taste that can be corrected with honey.<\/p>\n<p>Medical advice for children under 6 and infants <\/p>","protected":false},"excerpt":{"rendered":"<p>- Circulatory disorders: improves circulation in cases of varicose veins, heavy legs and capillary fragility.<br \/>\n- Contributes to treatment: renal insufficiency, albuminuria.<br \/>\n- Adjuvant treatment in the management of gout<br \/>\n- Treatment of jaundice caused by viral hepatitis <\/p>\n<p><strong>7 tea bags <\/strong><\/p>","protected":false},"featured_media":3059,"template":"","meta":{"_uag_custom_page_level_css":"","site-sidebar-layout":"default","site-content-layout":"","ast-site-content-layout":"default","site-content-style":"default","site-sidebar-style":"default","ast-global-header-display":"","ast-banner-title-visibility":"","ast-main-header-display":"","ast-hfb-above-header-display":"","ast-hfb-below-header-display":"","ast-hfb-mobile-header-display":"","site-post-title":"","ast-breadcrumbs-content":"","ast-featured-img":"","footer-sml-layout":"","ast-disable-related-posts":"","theme-transparent-header-meta":"default","adv-header-id-meta":"","stick-header-meta":"","header-above-stick-meta":"","header-main-stick-meta":"","header-below-stick-meta":"","astra-migrate-meta-layouts":"set","ast-page-background-enabled":"default","ast-page-background-meta":{"desktop":{"background-color":"var(--ast-global-color-4)","background-image":"","background-repeat":"repeat","background-position":"center center","background-size":"auto","background-attachment":"scroll","background-type":"","background-media":"","overlay-type":"","overlay-color":"","overlay-opacity":"","overlay-gradient":""},"tablet":{"background-color":"","background-image":"","background-repeat":"repeat","background-position":"center center","background-size":"auto","background-attachment":"scroll","background-type":"","background-media":"","overlay-type":"","overlay-color":"","overlay-opacity":"","overlay-gradient":""},"mobile":{"background-color":"","background-image":"","background-repeat":"repeat","background-position":"center center","background-size":"auto","background-attachment":"scroll","background-type":"","background-media":"","overlay-type":"","overlay-color":"","overlay-opacity":"","overlay-gradient":""}},"ast-content-background-meta":{"desktop":{"background-color":"var(--ast-global-color-5)","background-image":"","background-repeat":"repeat","background-position":"center center","background-size":"auto","background-attachment":"scroll","background-type":"","background-media":"","overlay-type":"","overlay-color":"","overlay-opacity":"","overlay-gradient":""},"tablet":{"background-color":"var(--ast-global-color-5)","background-image":"","background-repeat":"repeat","background-position":"center center","background-size":"auto","background-attachment":"scroll","background-type":"","background-media":"","overlay-type":"","overlay-color":"","overlay-opacity":"","overlay-gradient":""},"mobile":{"background-color":"var(--ast-global-color-5)","background-image":"","background-repeat":"repeat","background-position":"center center","background-size":"auto","background-attachment":"scroll","background-type":"","background-media":"","overlay-type":"","overlay-color":"","overlay-opacity":"","overlay-gradient":""}}},"product_brand":[],"product_cat":[46],"product_tag":[],"class_list":{"0":"post-3079","1":"product","2":"type-product","3":"status-publish","4":"has-post-thumbnail","6":"product_cat-thes-medicinals-phyto","7":"desktop-align-center","8":"tablet-align-left","9":"mobile-align-left","11":"first","12":"instock","13":"shipping-taxable","14":"purchasable","15":"product-type-simple"},"uagb_featured_image_src":{"full":["https:\/\/madavertehelyoa.com\/wp-content\/uploads\/2025\/05\/WhatsApp-Image-2025-05-22-a-19.10.20_b18baff4.jpg",1536,2048,false],"thumbnail":["https:\/\/madavertehelyoa.com\/wp-content\/uploads\/2025\/05\/WhatsApp-Image-2025-05-22-a-19.10.20_b18baff4-150x150.jpg",150,150,true],"medium":["https:\/\/madavertehelyoa.com\/wp-content\/uploads\/2025\/05\/WhatsApp-Image-2025-05-22-a-19.10.20_b18baff4-225x300.jpg",225,300,true],"medium_large":["https:\/\/madavertehelyoa.com\/wp-content\/uploads\/2025\/05\/WhatsApp-Image-2025-05-22-a-19.10.20_b18baff4-768x1024.jpg",768,1024,true],"large":["https:\/\/madavertehelyoa.com\/wp-content\/uploads\/2025\/05\/WhatsApp-Image-2025-05-22-a-19.10.20_b18baff4-768x1024.jpg",768,1024,true],"1536x1536":["https:\/\/madavertehelyoa.com\/wp-content\/uploads\/2025\/05\/WhatsApp-Image-2025-05-22-a-19.10.20_b18baff4-1152x1536.jpg",1152,1536,true],"2048x2048":["https:\/\/madavertehelyoa.com\/wp-content\/uploads\/2025\/05\/WhatsApp-Image-2025-05-22-a-19.10.20_b18baff4.jpg",1536,2048,false],"trp-custom-language-flag":["https:\/\/madavertehelyoa.com\/wp-content\/uploads\/2025\/05\/WhatsApp-Image-2025-05-22-a-19.10.20_b18baff4-9x12.jpg",9,12,true],"woocommerce_thumbnail":["https:\/\/madavertehelyoa.com\/wp-content\/uploads\/2025\/05\/WhatsApp-Image-2025-05-22-a-19.10.20_b18baff4-300x300.jpg",300,300,true],"woocommerce_single":["https:\/\/madavertehelyoa.com\/wp-content\/uploads\/2025\/05\/WhatsApp-Image-2025-05-22-a-19.10.20_b18baff4-600x800.jpg",600,800,true],"woocommerce_gallery_thumbnail":["https:\/\/madavertehelyoa.com\/wp-content\/uploads\/2025\/05\/WhatsApp-Image-2025-05-22-a-19.10.20_b18baff4-100x100.jpg",100,100,true]},"uagb_author_info":{"display_name":"ravaomariahelene@gmail.com","author_link":"https:\/\/madavertehelyoa.com\/en\/author\/"},"uagb_comment_info":0,"uagb_excerpt":"- Troubles circulatoires: am\u00e9liore la circulation dans les cas de varices , de jambes lourdes, de fragilit\u00e9 capillaire - Contribue au traitement : Insuffisance r\u00e9nale, albuminurie. - Traitement adjuvant dans la prise en charge de la goutte - Traitement des ict\u00e8res occasionn\u00e9s par des h\u00e9patites virales 7 infusettes","_links":{"self":[{"href":"https:\/\/madavertehelyoa.com\/en\/wp-json\/wp\/v2\/product\/3079","targetHints":{"allow":["GET"]}}],"collection":[{"href":"https:\/\/madavertehelyoa.com\/en\/wp-json\/wp\/v2\/product"}],"about":[{"href":"https:\/\/madavertehelyoa.com\/en\/wp-json\/wp\/v2\/types\/product"}],"wp:featuredmedia":[{"embeddable":true,"href":"https:\/\/madavertehelyoa.com\/en\/wp-json\/wp\/v2\/media\/3059"}],"wp:attachment":[{"href":"https:\/\/madavertehelyoa.com\/en\/wp-json\/wp\/v2\/media?parent=3079"}],"wp:term":[{"taxonomy":"product_brand","embeddable":true,"href":"https:\/\/madavertehelyoa.com\/en\/wp-json\/wp\/v2\/product_brand?post=3079"},{"taxonomy":"product_cat","embeddable":true,"href":"https:\/\/madavertehelyoa.com\/en\/wp-json\/wp\/v2\/product_cat?post=3079"},{"taxonomy":"product_tag","embeddable":true,"href":"https:\/\/madavertehelyoa.com\/en\/wp-json\/wp\/v2\/product_tag?post=3079"}],"curies":[{"name":"wp","href":"https:\/\/api.w.org\/{rel}","templated":true}]}}