{"id":3086,"date":"2025-05-28T07:03:20","date_gmt":"2025-05-28T07:03:20","guid":{"rendered":"https:\/\/madavertehelyoa.com\/?post_type=product&#038;p=3086"},"modified":"2025-05-28T07:12:02","modified_gmt":"2025-05-28T07:12:02","slug":"shampoing-revital-sec","status":"publish","type":"product","link":"https:\/\/madavertehelyoa.com\/en\/product\/shampoing-revital-sec\/","title":{"rendered":"Revital Dry Shampoo"},"content":{"rendered":"<p>\nINSTRUCTIONS FOR USE<\/p>\n<p>Take a small amount of shampoo and work it into a lather between your fingers before applying to the scalp. Use gentle circular movements to cleanse the head and hair.<\/p>\n<p>Rinse thoroughly<\/p>","protected":false},"excerpt":{"rendered":"<p>This shampoo combines Arnica, Calophyllumn and Faheritra to restore shine, strength and softness to dry, brittle hair. <\/p>\n<p>250 ml<\/p>","protected":false},"featured_media":3088,"template":"","meta":{"_uag_custom_page_level_css":"","site-sidebar-layout":"default","site-content-layout":"","ast-site-content-layout":"default","site-content-style":"default","site-sidebar-style":"default","ast-global-header-display":"","ast-banner-title-visibility":"","ast-main-header-display":"","ast-hfb-above-header-display":"","ast-hfb-below-header-display":"","ast-hfb-mobile-header-display":"","site-post-title":"","ast-breadcrumbs-content":"","ast-featured-img":"","footer-sml-layout":"","ast-disable-related-posts":"","theme-transparent-header-meta":"default","adv-header-id-meta":"","stick-header-meta":"","header-above-stick-meta":"","header-main-stick-meta":"","header-below-stick-meta":"","astra-migrate-meta-layouts":"set","ast-page-background-enabled":"default","ast-page-background-meta":{"desktop":{"background-color":"var(--ast-global-color-4)","background-image":"","background-repeat":"repeat","background-position":"center center","background-size":"auto","background-attachment":"scroll","background-type":"","background-media":"","overlay-type":"","overlay-color":"","overlay-opacity":"","overlay-gradient":""},"tablet":{"background-color":"","background-image":"","background-repeat":"repeat","background-position":"center center","background-size":"auto","background-attachment":"scroll","background-type":"","background-media":"","overlay-type":"","overlay-color":"","overlay-opacity":"","overlay-gradient":""},"mobile":{"background-color":"","background-image":"","background-repeat":"repeat","background-position":"center center","background-size":"auto","background-attachment":"scroll","background-type":"","background-media":"","overlay-type":"","overlay-color":"","overlay-opacity":"","overlay-gradient":""}},"ast-content-background-meta":{"desktop":{"background-color":"var(--ast-global-color-5)","background-image":"","background-repeat":"repeat","background-position":"center center","background-size":"auto","background-attachment":"scroll","background-type":"","background-media":"","overlay-type":"","overlay-color":"","overlay-opacity":"","overlay-gradient":""},"tablet":{"background-color":"var(--ast-global-color-5)","background-image":"","background-repeat":"repeat","background-position":"center center","background-size":"auto","background-attachment":"scroll","background-type":"","background-media":"","overlay-type":"","overlay-color":"","overlay-opacity":"","overlay-gradient":""},"mobile":{"background-color":"var(--ast-global-color-5)","background-image":"","background-repeat":"repeat","background-position":"center center","background-size":"auto","background-attachment":"scroll","background-type":"","background-media":"","overlay-type":"","overlay-color":"","overlay-opacity":"","overlay-gradient":""}}},"product_brand":[],"product_cat":[37],"product_tag":[],"class_list":{"0":"post-3086","1":"product","2":"type-product","3":"status-publish","4":"has-post-thumbnail","6":"product_cat-cosmetiques","7":"desktop-align-center","8":"tablet-align-left","9":"mobile-align-left","11":"first","12":"instock","13":"shipping-taxable","14":"purchasable","15":"product-type-simple"},"uagb_featured_image_src":{"full":["https:\/\/madavertehelyoa.com\/wp-content\/uploads\/2025\/05\/WhatsApp-Image-2025-05-28-a-08.57.24_d77efbef.jpg",1200,1600,false],"thumbnail":["https:\/\/madavertehelyoa.com\/wp-content\/uploads\/2025\/05\/WhatsApp-Image-2025-05-28-a-08.57.24_d77efbef-150x150.jpg",150,150,true],"medium":["https:\/\/madavertehelyoa.com\/wp-content\/uploads\/2025\/05\/WhatsApp-Image-2025-05-28-a-08.57.24_d77efbef-225x300.jpg",225,300,true],"medium_large":["https:\/\/madavertehelyoa.com\/wp-content\/uploads\/2025\/05\/WhatsApp-Image-2025-05-28-a-08.57.24_d77efbef-768x1024.jpg",768,1024,true],"large":["https:\/\/madavertehelyoa.com\/wp-content\/uploads\/2025\/05\/WhatsApp-Image-2025-05-28-a-08.57.24_d77efbef-768x1024.jpg",768,1024,true],"1536x1536":["https:\/\/madavertehelyoa.com\/wp-content\/uploads\/2025\/05\/WhatsApp-Image-2025-05-28-a-08.57.24_d77efbef-1152x1536.jpg",1152,1536,true],"2048x2048":["https:\/\/madavertehelyoa.com\/wp-content\/uploads\/2025\/05\/WhatsApp-Image-2025-05-28-a-08.57.24_d77efbef.jpg",1200,1600,false],"trp-custom-language-flag":["https:\/\/madavertehelyoa.com\/wp-content\/uploads\/2025\/05\/WhatsApp-Image-2025-05-28-a-08.57.24_d77efbef-9x12.jpg",9,12,true],"woocommerce_thumbnail":["https:\/\/madavertehelyoa.com\/wp-content\/uploads\/2025\/05\/WhatsApp-Image-2025-05-28-a-08.57.24_d77efbef-300x300.jpg",300,300,true],"woocommerce_single":["https:\/\/madavertehelyoa.com\/wp-content\/uploads\/2025\/05\/WhatsApp-Image-2025-05-28-a-08.57.24_d77efbef-600x800.jpg",600,800,true],"woocommerce_gallery_thumbnail":["https:\/\/madavertehelyoa.com\/wp-content\/uploads\/2025\/05\/WhatsApp-Image-2025-05-28-a-08.57.24_d77efbef-100x100.jpg",100,100,true]},"uagb_author_info":{"display_name":"ravaomariahelene@gmail.com","author_link":"https:\/\/madavertehelyoa.com\/en\/author\/"},"uagb_comment_info":0,"uagb_excerpt":"Ce shampoing r\u00e9unit l'Arnica , le Calophyllumnet le Faheritra afin de redonner l'\u00e9clat , force et douceur \u00e0 vos cheveux secs et cassant 250 ml","_links":{"self":[{"href":"https:\/\/madavertehelyoa.com\/en\/wp-json\/wp\/v2\/product\/3086","targetHints":{"allow":["GET"]}}],"collection":[{"href":"https:\/\/madavertehelyoa.com\/en\/wp-json\/wp\/v2\/product"}],"about":[{"href":"https:\/\/madavertehelyoa.com\/en\/wp-json\/wp\/v2\/types\/product"}],"wp:featuredmedia":[{"embeddable":true,"href":"https:\/\/madavertehelyoa.com\/en\/wp-json\/wp\/v2\/media\/3088"}],"wp:attachment":[{"href":"https:\/\/madavertehelyoa.com\/en\/wp-json\/wp\/v2\/media?parent=3086"}],"wp:term":[{"taxonomy":"product_brand","embeddable":true,"href":"https:\/\/madavertehelyoa.com\/en\/wp-json\/wp\/v2\/product_brand?post=3086"},{"taxonomy":"product_cat","embeddable":true,"href":"https:\/\/madavertehelyoa.com\/en\/wp-json\/wp\/v2\/product_cat?post=3086"},{"taxonomy":"product_tag","embeddable":true,"href":"https:\/\/madavertehelyoa.com\/en\/wp-json\/wp\/v2\/product_tag?post=3086"}],"curies":[{"name":"wp","href":"https:\/\/api.w.org\/{rel}","templated":true}]}}